{"id":751,"date":"2026-02-02T16:49:29","date_gmt":"2026-02-02T15:49:29","guid":{"rendered":"https:\/\/solineu.com\/com-arribar\/"},"modified":"2026-02-13T12:27:51","modified_gmt":"2026-02-13T11:27:51","slug":"com-arribar","status":"publish","type":"page","link":"https:\/\/solineu.com\/fr\/com-arribar\/","title":{"rendered":"Comment s\u2019y rendre"},"content":{"rendered":"<style>.kb-row-layout-id751_b69bc1-e6 > .kt-row-column-wrap{align-content:start;}:where(.kb-row-layout-id751_b69bc1-e6 > .kt-row-column-wrap) > .wp-block-kadence-column{justify-content:start;}.kb-row-layout-id751_b69bc1-e6 > .kt-row-column-wrap{column-gap:var(--global-kb-gap-md, 2rem);row-gap:var(--global-kb-gap-md, 2rem);max-width:var( --global-content-width, 1290px );padding-left:var(--global-content-edge-padding);padding-right:var(--global-content-edge-padding);padding-top:var(--global-kb-spacing-sm, 1.5rem);padding-bottom:var(--global-kb-spacing-xxl, 5rem);grid-template-columns:repeat(2, minmax(0, 1fr));}.kb-row-layout-id751_b69bc1-e6 > .kt-row-layout-overlay{opacity:0.30;}@media all and (max-width: 1024px){.kb-row-layout-id751_b69bc1-e6 > .kt-row-column-wrap{grid-template-columns:repeat(2, minmax(0, 1fr));}}@media all and (max-width: 767px){.kb-row-layout-id751_b69bc1-e6 > .kt-row-column-wrap{grid-template-columns:minmax(0, 1fr);}}<\/style><div class=\"kb-row-layout-wrap kb-row-layout-id751_b69bc1-e6 alignfull wp-block-kadence-rowlayout\"><div class=\"kt-row-column-wrap kt-has-2-columns kt-row-layout-equal kt-tab-layout-inherit kt-mobile-layout-row kt-row-valign-top kb-theme-content-width\">\n<style>.kadence-column751_b6d655-23 > .kt-inside-inner-col,.kadence-column751_b6d655-23 > .kt-inside-inner-col:before{border-top-left-radius:0px;border-top-right-radius:0px;border-bottom-right-radius:0px;border-bottom-left-radius:0px;}.kadence-column751_b6d655-23 > .kt-inside-inner-col{column-gap:var(--global-kb-gap-sm, 1rem);}.kadence-column751_b6d655-23 > .kt-inside-inner-col{flex-direction:column;}.kadence-column751_b6d655-23 > .kt-inside-inner-col > .aligncenter{width:100%;}.kadence-column751_b6d655-23 > .kt-inside-inner-col:before{opacity:0.3;}.kadence-column751_b6d655-23{position:relative;}@media all and (max-width: 1024px){.kadence-column751_b6d655-23 > .kt-inside-inner-col{flex-direction:column;justify-content:center;}}@media all and (max-width: 767px){.kadence-column751_b6d655-23 > .kt-inside-inner-col{flex-direction:column;justify-content:center;}}<\/style>\n<div class=\"wp-block-kadence-column kadence-column751_b6d655-23\"><div class=\"kt-inside-inner-col\">\n<iframe src=\"https:\/\/www.google.com\/maps\/embed?pb=!1m18!1m12!1m3!1d2938.1975750972315!2d1.0951931128132548!3d42.57232872154256!2m3!1f0!2f0!3f0!3m2!1i1024!2i768!4f13.1!3m3!1m2!1s0x12a8a85a9415a6d3%3A0x9955aa93a205693e!2sC%C3%A0mping%20Sol%20i%20Neu!5e0!3m2!1sca!2ses!4v1770123274584!5m2!1sca!2ses\" width=\"100%\" height=\"450\" style=\"border:0;\" allowfullscreen=\"\" loading=\"lazy\" referrerpolicy=\"no-referrer-when-downgrade\"><\/iframe>\n<\/div><\/div>\n\n\n<style>.kadence-column751_9f65f8-d9 > .kt-inside-inner-col,.kadence-column751_9f65f8-d9 > .kt-inside-inner-col:before{border-top-left-radius:0px;border-top-right-radius:0px;border-bottom-right-radius:0px;border-bottom-left-radius:0px;}.kadence-column751_9f65f8-d9 > .kt-inside-inner-col{column-gap:var(--global-kb-gap-sm, 1rem);}.kadence-column751_9f65f8-d9 > .kt-inside-inner-col{flex-direction:column;}.kadence-column751_9f65f8-d9 > .kt-inside-inner-col > .aligncenter{width:100%;}.kadence-column751_9f65f8-d9 > .kt-inside-inner-col:before{opacity:0.3;}.kadence-column751_9f65f8-d9{position:relative;}@media all and (max-width: 1024px){.kadence-column751_9f65f8-d9 > .kt-inside-inner-col{flex-direction:column;justify-content:center;}}@media all and (max-width: 767px){.kadence-column751_9f65f8-d9 > .kt-inside-inner-col{flex-direction:column;justify-content:center;}}<\/style>\n<div class=\"wp-block-kadence-column kadence-column751_9f65f8-d9\"><div class=\"kt-inside-inner-col\"><style>.wp-block-kadence-advancedheading.kt-adv-heading751_94a30f-36, .wp-block-kadence-advancedheading.kt-adv-heading751_94a30f-36[data-kb-block=\"kb-adv-heading751_94a30f-36\"]{font-style:normal;}.wp-block-kadence-advancedheading.kt-adv-heading751_94a30f-36 mark.kt-highlight, .wp-block-kadence-advancedheading.kt-adv-heading751_94a30f-36[data-kb-block=\"kb-adv-heading751_94a30f-36\"] mark.kt-highlight{font-style:normal;color:#f76a0c;-webkit-box-decoration-break:clone;box-decoration-break:clone;padding-top:0px;padding-right:0px;padding-bottom:0px;padding-left:0px;}.wp-block-kadence-advancedheading.kt-adv-heading751_94a30f-36 img.kb-inline-image, .wp-block-kadence-advancedheading.kt-adv-heading751_94a30f-36[data-kb-block=\"kb-adv-heading751_94a30f-36\"] img.kb-inline-image{width:150px;vertical-align:baseline;}<\/style>\n<h2 class=\"kt-adv-heading751_94a30f-36 wp-block-kadence-advancedheading\" data-kb-block=\"kb-adv-heading751_94a30f-36\"><strong>Camping Sol<\/strong>\u00a0i\u00a0<strong>Neu<\/strong><\/h2>\n\n\n\n<p>Carretera d&rsquo;Espot, S\/N<br>25597 Espot<\/p>\n\n\n\n<p>973 62 40 01<br>camping@solineu.com<\/p>\n\n\n\n<p>Au centre des\u00a0<strong>Pyr\u00e9n\u00e9es,<\/strong>\u00a0et \u00e0 une altitude de 1350 m\u00e8tres, se trouve\u00a0<strong>Espot<\/strong>, centre touristique de r\u00e9f\u00e9rence et principale entr\u00e9e au\u00a0<strong>Parc National Aig\u00fcestortes Estany\u00a0 Sant Maurici,\u00a0<\/strong>et \u00e0 200 m\u00e8tres de ce centre, vous trouverez le camping\u00a0<strong>Sol i Neu.<\/strong><\/p>\n\n\n<style>.wp-block-kadence-advancedheading.kt-adv-heading751_b006a1-15, .wp-block-kadence-advancedheading.kt-adv-heading751_b006a1-15[data-kb-block=\"kb-adv-heading751_b006a1-15\"]{font-style:normal;}.wp-block-kadence-advancedheading.kt-adv-heading751_b006a1-15 mark.kt-highlight, .wp-block-kadence-advancedheading.kt-adv-heading751_b006a1-15[data-kb-block=\"kb-adv-heading751_b006a1-15\"] mark.kt-highlight{font-style:normal;color:#f76a0c;-webkit-box-decoration-break:clone;box-decoration-break:clone;padding-top:0px;padding-right:0px;padding-bottom:0px;padding-left:0px;}.wp-block-kadence-advancedheading.kt-adv-heading751_b006a1-15 img.kb-inline-image, .wp-block-kadence-advancedheading.kt-adv-heading751_b006a1-15[data-kb-block=\"kb-adv-heading751_b006a1-15\"] img.kb-inline-image{width:150px;vertical-align:baseline;}<\/style>\n<h3 class=\"kt-adv-heading751_b006a1-15 wp-block-kadence-advancedheading\" data-kb-block=\"kb-adv-heading751_b006a1-15\">Coordonn\u00e9es GPS<\/h3>\n\n\n\n<p>Lat.: 42,57219<br>Long.: 1,09649<\/p>\n\n\n<style>.wp-block-kadence-advancedheading.kt-adv-heading751_db389a-dd, .wp-block-kadence-advancedheading.kt-adv-heading751_db389a-dd[data-kb-block=\"kb-adv-heading751_db389a-dd\"]{font-style:normal;}.wp-block-kadence-advancedheading.kt-adv-heading751_db389a-dd mark.kt-highlight, .wp-block-kadence-advancedheading.kt-adv-heading751_db389a-dd[data-kb-block=\"kb-adv-heading751_db389a-dd\"] mark.kt-highlight{font-style:normal;color:#f76a0c;-webkit-box-decoration-break:clone;box-decoration-break:clone;padding-top:0px;padding-right:0px;padding-bottom:0px;padding-left:0px;}.wp-block-kadence-advancedheading.kt-adv-heading751_db389a-dd img.kb-inline-image, .wp-block-kadence-advancedheading.kt-adv-heading751_db389a-dd[data-kb-block=\"kb-adv-heading751_db389a-dd\"] img.kb-inline-image{width:150px;vertical-align:baseline;}<\/style>\n<h3 class=\"kt-adv-heading751_db389a-dd wp-block-kadence-advancedheading\" data-kb-block=\"kb-adv-heading751_db389a-dd\">Est en<\/h3>\n\n\n\n<ul class=\"wp-block-list\">\n<li><a href=\"https:\/\/maps.google.es\/maps?f=d&amp;hl=es&amp;saddr=lleida&amp;daddr=tremp+to:Espot&amp;sll=41.983994,1.653442&amp;sspn=1.845611,3.702393&amp;ie=UTF8&amp;z=8&amp;ll=42.098222,0.917358&amp;spn=1.842296,3.702393&amp;om=1\" target=\"_blank\" rel=\"noreferrer noopener\">158 km de Lleida<\/a><\/li>\n\n\n\n<li><a href=\"https:\/\/maps.google.es\/maps?f=d&amp;hl=es&amp;saddr=barcelona&amp;daddr=Cervera,+Cervera,+L%C3%A9rida,+Catalu%C3%B1a,+Espa%C3%B1a+to:artesa+de+segre+to:tremp+to:Espot&amp;layer=&amp;ie=UTF8&amp;sll=41.926803,0.109863&amp;sspn=3.857901,7.404785&amp;z=8&amp;om=1\" target=\"_blank\" rel=\"noreferrer noopener\">270 km de Barcelona<\/a><\/li>\n\n\n\n<li><a href=\"https:\/\/maps.google.es\/maps?f=d&amp;hl=es&amp;saddr=tarragona&amp;daddr=Tarrega+to:balaguer+to:tremp+to:espot&amp;layer=&amp;sll=41.64436,0.974835&amp;sspn=1.826635,3.702393&amp;ie=UTF8&amp;z=8&amp;ll=41.664705,0.97229&amp;spn=1.826053,3.702393&amp;om=1\" target=\"_blank\" rel=\"noreferrer noopener\">238 km de Tarragona<\/a><\/li>\n\n\n\n<li><a href=\"https:\/\/maps.google.es\/maps?f=d&amp;hl=es&amp;saddr=Girona&amp;daddr=olot+to:Espot&amp;sll=42.04157,1.96484&amp;sspn=1.843954,3.702393&amp;ie=UTF8&amp;z=9&amp;om=1\" target=\"_blank\" rel=\"noreferrer noopener\">258 km de Girona<\/a><\/li>\n\n\n\n<li><a href=\"https:\/\/maps.google.es\/maps?f=d&amp;hl=es&amp;saddr=toulouse&amp;daddr=Espot&amp;sll=53.892201,9.753799&amp;sspn=0.182899,0.462799&amp;ie=UTF8&amp;z=7&amp;ll=42.309815,1.790771&amp;spn=3.672194,11.008301&amp;om=1\" target=\"_blank\" rel=\"noreferrer noopener\">180 km de Toulouse<\/a><\/li>\n<\/ul>\n<\/div><\/div>\n\n<\/div><\/div>","protected":false},"excerpt":{"rendered":"<p>Camping Sol\u00a0i\u00a0Neu Carretera d&rsquo;Espot, S\/N25597 Espot 973 62 40 01camping@solineu.com Au centre des\u00a0Pyr\u00e9n\u00e9es,\u00a0et \u00e0 une altitude de 1350 m\u00e8tres, se trouve\u00a0Espot, centre touristique de r\u00e9f\u00e9rence et principale entr\u00e9e au\u00a0Parc National Aig\u00fcestortes Estany\u00a0 Sant Maurici,\u00a0et \u00e0 200 m\u00e8tres de ce centre, vous trouverez le camping\u00a0Sol i Neu. Coordonn\u00e9es GPS Lat.: 42,57219Long.: 1,09649 Est en<\/p>\n","protected":false},"author":1,"featured_media":0,"parent":0,"menu_order":0,"comment_status":"closed","ping_status":"closed","template":"","meta":{"_kad_post_transparent":"","_kad_post_title":"","_kad_post_layout":"","_kad_post_sidebar_id":"","_kad_post_content_style":"","_kad_post_vertical_padding":"","_kad_post_feature":"","_kad_post_feature_position":"","_kad_post_header":false,"_kad_post_footer":false,"_kad_post_classname":"","footnotes":""},"class_list":["post-751","page","type-page","status-publish","hentry"],"_links":{"self":[{"href":"https:\/\/solineu.com\/fr\/wp-json\/wp\/v2\/pages\/751","targetHints":{"allow":["GET"]}}],"collection":[{"href":"https:\/\/solineu.com\/fr\/wp-json\/wp\/v2\/pages"}],"about":[{"href":"https:\/\/solineu.com\/fr\/wp-json\/wp\/v2\/types\/page"}],"author":[{"embeddable":true,"href":"https:\/\/solineu.com\/fr\/wp-json\/wp\/v2\/users\/1"}],"replies":[{"embeddable":true,"href":"https:\/\/solineu.com\/fr\/wp-json\/wp\/v2\/comments?post=751"}],"version-history":[{"count":2,"href":"https:\/\/solineu.com\/fr\/wp-json\/wp\/v2\/pages\/751\/revisions"}],"predecessor-version":[{"id":1386,"href":"https:\/\/solineu.com\/fr\/wp-json\/wp\/v2\/pages\/751\/revisions\/1386"}],"wp:attachment":[{"href":"https:\/\/solineu.com\/fr\/wp-json\/wp\/v2\/media?parent=751"}],"curies":[{"name":"wp","href":"https:\/\/api.w.org\/{rel}","templated":true}]}}