{"id":696,"date":"2026-02-02T16:50:14","date_gmt":"2026-02-02T15:50:14","guid":{"rendered":"https:\/\/solineu.com\/entorn\/"},"modified":"2026-02-11T18:04:26","modified_gmt":"2026-02-11T17:04:26","slug":"entorn","status":"publish","type":"page","link":"https:\/\/solineu.com\/fr\/entorn\/","title":{"rendered":"Entorn"},"content":{"rendered":"<style>.kb-row-layout-id35_4ee636-e1 > .kt-row-column-wrap{align-content:start;}:where(.kb-row-layout-id35_4ee636-e1 > .kt-row-column-wrap) > .wp-block-kadence-column{justify-content:start;}.kb-row-layout-id35_4ee636-e1 > .kt-row-column-wrap{column-gap:var(--global-kb-gap-md, 2rem);row-gap:var(--global-kb-gap-md, 2rem);max-width:700px;margin-left:auto;margin-right:auto;padding-top:var(--global-kb-spacing-sm, 1.5rem);padding-bottom:var(--global-kb-spacing-xl, 4rem);grid-template-columns:minmax(0, 1fr);}.kb-row-layout-id35_4ee636-e1 > .kt-row-layout-overlay{opacity:0.30;}@media all and (max-width: 1024px){.kb-row-layout-id35_4ee636-e1 > .kt-row-column-wrap{grid-template-columns:minmax(0, 1fr);}}@media all and (max-width: 767px){.kb-row-layout-id35_4ee636-e1 > .kt-row-column-wrap{grid-template-columns:minmax(0, 1fr);}}<\/style><div class=\"kb-row-layout-wrap kb-row-layout-id35_4ee636-e1 alignfull wp-block-kadence-rowlayout\"><div class=\"kt-row-column-wrap kt-has-1-columns kt-row-layout-equal kt-tab-layout-inherit kt-mobile-layout-row kt-row-valign-top\">\n<style>.kadence-column35_64d4b4-86 > .kt-inside-inner-col,.kadence-column35_64d4b4-86 > .kt-inside-inner-col:before{border-top-left-radius:0px;border-top-right-radius:0px;border-bottom-right-radius:0px;border-bottom-left-radius:0px;}.kadence-column35_64d4b4-86 > .kt-inside-inner-col{column-gap:var(--global-kb-gap-sm, 1rem);}.kadence-column35_64d4b4-86 > .kt-inside-inner-col{flex-direction:column;}.kadence-column35_64d4b4-86 > .kt-inside-inner-col > .aligncenter{width:100%;}.kadence-column35_64d4b4-86 > .kt-inside-inner-col:before{opacity:0.3;}.kadence-column35_64d4b4-86{position:relative;}@media all and (max-width: 1024px){.kadence-column35_64d4b4-86 > .kt-inside-inner-col{flex-direction:column;justify-content:center;}}@media all and (max-width: 767px){.kadence-column35_64d4b4-86 > .kt-inside-inner-col{flex-direction:column;justify-content:center;}}<\/style>\n<div class=\"wp-block-kadence-column kadence-column35_64d4b4-86\"><div class=\"kt-inside-inner-col\"><style>.wp-block-kadence-advancedheading.kt-adv-heading35_a98aa6-a2, .wp-block-kadence-advancedheading.kt-adv-heading35_a98aa6-a2[data-kb-block=\"kb-adv-heading35_a98aa6-a2\"]{font-style:normal;}.wp-block-kadence-advancedheading.kt-adv-heading35_a98aa6-a2 mark.kt-highlight, .wp-block-kadence-advancedheading.kt-adv-heading35_a98aa6-a2[data-kb-block=\"kb-adv-heading35_a98aa6-a2\"] mark.kt-highlight{font-style:normal;color:#f76a0c;-webkit-box-decoration-break:clone;box-decoration-break:clone;padding-top:0px;padding-right:0px;padding-bottom:0px;padding-left:0px;}.wp-block-kadence-advancedheading.kt-adv-heading35_a98aa6-a2 img.kb-inline-image, .wp-block-kadence-advancedheading.kt-adv-heading35_a98aa6-a2[data-kb-block=\"kb-adv-heading35_a98aa6-a2\"] img.kb-inline-image{width:150px;vertical-align:baseline;}<\/style>\n<h2 class=\"kt-adv-heading35_a98aa6-a2 wp-block-kadence-advancedheading\" data-kb-block=\"kb-adv-heading35_a98aa6-a2\">Parc Nacional Aig\u00fcestortes i llac de Sant Maurici<\/h2>\n\n\n\n<p>El Parc Nacional Aig\u00fcestortes i el llac de Sant Maurici destaca per la gran diversitat de vegetaci\u00f3 i fauna salvatge que hi viu, i per sobre de tot l\u2019aigua dels seus rius i rierols i els m\u00e9s de 200 estanys.<\/p>\n\n\n\n<p>El&nbsp;<strong>Parc Nacional Aig\u00fcestortes&nbsp;i el&nbsp;llac de Sant Maurici<\/strong>&nbsp;representa els ecosistemes de l\u2019alta muntanya pirinenca i constitueix una magn\u00edfica mostra de l\u2019acci\u00f3 de les glaceres del quaternari. Als seus estanys i muntanyes hi habiten el gall fer, el picot negre, el trencal\u00f2s, l\u2019isard, etc. Boscos d\u2019avets, pi negre i faigs cobreixen el parc. Als prats alpins hi trobem gencianes, ranuncles, lliris, orqu\u00eddies i pr\u00edmules, entre altres esp\u00e8cies. Si desitges realitzar&nbsp;<strong><a href=\"https:\/\/www.solineu.com\/excursions\/\">trekking a Aig\u00fcestortes<\/a><\/strong>, nosaltres t\u2019informem.<\/p>\n\n\n<style>.wp-block-kadence-advancedbtn.kb-btns35_fc079d-23{gap:var(--global-kb-gap-xs, 0.5rem );justify-content:flex-start;align-items:center;}.kt-btns35_fc079d-23 .kt-button{font-weight:normal;font-style:normal;}.kt-btns35_fc079d-23 .kt-btn-wrap-0{margin-right:5px;}.wp-block-kadence-advancedbtn.kt-btns35_fc079d-23 .kt-btn-wrap-0 .kt-button{color:#555555;border-color:#555555;}.wp-block-kadence-advancedbtn.kt-btns35_fc079d-23 .kt-btn-wrap-0 .kt-button:hover, .wp-block-kadence-advancedbtn.kt-btns35_fc079d-23 .kt-btn-wrap-0 .kt-button:focus{color:#ffffff;border-color:#444444;}.wp-block-kadence-advancedbtn.kt-btns35_fc079d-23 .kt-btn-wrap-0 .kt-button::before{display:none;}.wp-block-kadence-advancedbtn.kt-btns35_fc079d-23 .kt-btn-wrap-0 .kt-button:hover, .wp-block-kadence-advancedbtn.kt-btns35_fc079d-23 .kt-btn-wrap-0 .kt-button:focus{background:#444444;}<\/style>\n<div class=\"wp-block-kadence-advancedbtn kb-buttons-wrap kb-btns35_fc079d-23\"><style>ul.menu .wp-block-kadence-advancedbtn .kb-btn35_f12ad6-35.kb-button{width:initial;}<\/style><a class=\"kb-button kt-button button kb-btn35_f12ad6-35 kt-btn-size-standard kt-btn-width-type-auto kb-btn-global-fill  kt-btn-has-text-true kt-btn-has-svg-true  wp-block-kadence-singlebtn\" href=\"https:\/\/parcsnaturals.gencat.cat\/es\/xarxa-de-parcs\/aiguestortes\/inici\/index.html\" target=\"_blank\" rel=\"noreferrer noopener\"><span class=\"kb-svg-icon-wrap kb-svg-icon-fe_externalLink kt-btn-icon-side-left\"><svg viewBox=\"0 0 24 24\"  fill=\"none\" stroke=\"currentColor\" stroke-width=\"2\" stroke-linecap=\"round\" stroke-linejoin=\"round\" xmlns=\"http:\/\/www.w3.org\/2000\/svg\"  aria-hidden=\"true\"><path d=\"M18 13v6a2 2 0 0 1-2 2H5a2 2 0 0 1-2-2V8a2 2 0 0 1 2-2h6\"\/><polyline points=\"15 3 21 3 21 9\"\/><line x1=\"10\" y1=\"14\" x2=\"21\" y2=\"3\"\/><\/svg><\/span><span class=\"kt-btn-inner-text\">Web Parc Nacional<\/span><\/a><\/div>\n<\/div><\/div>\n\n<\/div><\/div>\n\n<style>.kb-row-layout-id35_ecf840-dd > .kt-row-column-wrap{align-content:start;}:where(.kb-row-layout-id35_ecf840-dd > .kt-row-column-wrap) > .wp-block-kadence-column{justify-content:start;}.kb-row-layout-id35_ecf840-dd > .kt-row-column-wrap{column-gap:var(--global-kb-gap-md, 2rem);row-gap:var(--global-kb-gap-md, 2rem);max-width:var( --global-content-width, 1290px );padding-left:var(--global-content-edge-padding);padding-right:var(--global-content-edge-padding);padding-top:var(--global-kb-spacing-sm, 1.5rem);padding-bottom:var(--global-kb-spacing-xxl, 5rem);grid-template-columns:minmax(0, 1fr);}.kb-row-layout-id35_ecf840-dd > .kt-row-layout-overlay{opacity:0.30;}@media all and (max-width: 1024px){.kb-row-layout-id35_ecf840-dd > .kt-row-column-wrap{grid-template-columns:minmax(0, 1fr);}}@media all and (max-width: 767px){.kb-row-layout-id35_ecf840-dd > .kt-row-column-wrap{grid-template-columns:minmax(0, 1fr);}}<\/style><div class=\"kb-row-layout-wrap kb-row-layout-id35_ecf840-dd alignfull wp-block-kadence-rowlayout\"><div class=\"kt-row-column-wrap kt-has-1-columns kt-row-layout-equal kt-tab-layout-inherit kt-mobile-layout-row kt-row-valign-top kb-theme-content-width\">\n<style>.kadence-column35_561757-a2 > .kt-inside-inner-col,.kadence-column35_561757-a2 > .kt-inside-inner-col:before{border-top-left-radius:0px;border-top-right-radius:0px;border-bottom-right-radius:0px;border-bottom-left-radius:0px;}.kadence-column35_561757-a2 > .kt-inside-inner-col{column-gap:var(--global-kb-gap-sm, 1rem);}.kadence-column35_561757-a2 > .kt-inside-inner-col{flex-direction:column;}.kadence-column35_561757-a2 > .kt-inside-inner-col > .aligncenter{width:100%;}.kadence-column35_561757-a2 > .kt-inside-inner-col:before{opacity:0.3;}.kadence-column35_561757-a2{position:relative;}@media all and (max-width: 1024px){.kadence-column35_561757-a2 > .kt-inside-inner-col{flex-direction:column;justify-content:center;}}@media all and (max-width: 767px){.kadence-column35_561757-a2 > .kt-inside-inner-col{flex-direction:column;justify-content:center;}}<\/style>\n<div class=\"wp-block-kadence-column kadence-column35_561757-a2\"><div class=\"kt-inside-inner-col\"><style>.wp-block-kadence-advancedgallery .kb-gallery-type-grid.kb-gallery-id-35_bb4aa2-af{margin:-5px;}.kb-gallery-type-grid.kb-gallery-id-35_bb4aa2-af .kadence-blocks-gallery-item{padding:5px;}.kb-gallery-id-35_bb4aa2-af .kadence-blocks-gallery-item .kb-gal-image-radius, .kb-gallery-id-35_bb4aa2-af .kb-slide-item .kb-gal-image-radius img{border-radius:0px 0px 0px 0px;;}<\/style><div class=\"kb-gallery-wrap-id-35_bb4aa2-af alignnone wp-block-kadence-advancedgallery\"><ul class=\"kb-gallery-ul kb-gallery-non-static kb-gallery-type-grid kb-gallery-id-35_bb4aa2-af kb-gallery-caption-style-bottom-hover kb-gallery-filter-none\" data-image-filter=\"none\" data-item-selector=\".kadence-blocks-gallery-item\" data-lightbox-caption=\"true\" data-columns-xxl=\"3\" data-columns-xl=\"3\" data-columns-md=\"3\" data-columns-sm=\"2\" data-columns-xs=\"1\" data-columns-ss=\"1\"><li class=\"kadence-blocks-gallery-item\" tabindex=\"0\"><div class=\"kadence-blocks-gallery-item-inner\"><figure class=\"kb-gallery-figure kadence-blocks-gallery-item-hide-caption\"><div class=\"kb-gal-image-radius\"><div class=\"kb-gallery-image-contain kadence-blocks-gallery-intrinsic kb-gallery-image-ratio-land32 kb-has-image-ratio-land32\" ><img loading=\"lazy\" decoding=\"async\" src=\"https:\/\/solineu.com\/wp-content\/uploads\/mapa_cast.jpg\" width=\"600\" height=\"402\" alt=\"\" data-full-image=\"https:\/\/solineu.com\/wp-content\/uploads\/mapa_cast.jpg\" data-light-image=\"https:\/\/solineu.com\/wp-content\/uploads\/mapa_cast.jpg\" data-id=\"237\" class=\"wp-image-237\" srcset=\"https:\/\/solineu.com\/wp-content\/uploads\/mapa_cast.jpg 600w, https:\/\/solineu.com\/wp-content\/uploads\/mapa_cast-300x201.jpg 300w\" sizes=\"auto, (max-width: 600px) 100vw, 600px\" \/><\/div><\/div><\/figure><\/div><\/li><li class=\"kadence-blocks-gallery-item\" tabindex=\"0\"><div class=\"kadence-blocks-gallery-item-inner\"><figure class=\"kb-gallery-figure kadence-blocks-gallery-item-hide-caption\"><div class=\"kb-gal-image-radius\"><div class=\"kb-gallery-image-contain kadence-blocks-gallery-intrinsic kb-gallery-image-ratio-land32 kb-has-image-ratio-land32\" ><img loading=\"lazy\" decoding=\"async\" src=\"https:\/\/solineu.com\/wp-content\/uploads\/800pxMarmota_marmota_Alpes2.jpg\" width=\"800\" height=\"598\" alt=\"\" data-full-image=\"https:\/\/solineu.com\/wp-content\/uploads\/800pxMarmota_marmota_Alpes2.jpg\" data-light-image=\"https:\/\/solineu.com\/wp-content\/uploads\/800pxMarmota_marmota_Alpes2.jpg\" data-id=\"91\" class=\"wp-image-91\" srcset=\"https:\/\/solineu.com\/wp-content\/uploads\/800pxMarmota_marmota_Alpes2.jpg 800w, https:\/\/solineu.com\/wp-content\/uploads\/800pxMarmota_marmota_Alpes2-300x224.jpg 300w, https:\/\/solineu.com\/wp-content\/uploads\/800pxMarmota_marmota_Alpes2-768x574.jpg 768w\" sizes=\"auto, (max-width: 800px) 100vw, 800px\" \/><\/div><\/div><\/figure><\/div><\/li><li class=\"kadence-blocks-gallery-item\" tabindex=\"0\"><div class=\"kadence-blocks-gallery-item-inner\"><figure class=\"kb-gallery-figure kadence-blocks-gallery-item-hide-caption\"><div class=\"kb-gal-image-radius\"><div class=\"kb-gallery-image-contain kadence-blocks-gallery-intrinsic kb-gallery-image-ratio-land32 kb-has-image-ratio-land32\" ><img loading=\"lazy\" decoding=\"async\" src=\"https:\/\/solineu.com\/wp-content\/uploads\/BIG_523075010090909_00.jpg\" width=\"700\" height=\"468\" alt=\"\" data-full-image=\"https:\/\/solineu.com\/wp-content\/uploads\/BIG_523075010090909_00.jpg\" data-light-image=\"https:\/\/solineu.com\/wp-content\/uploads\/BIG_523075010090909_00.jpg\" data-id=\"110\" class=\"wp-image-110\" srcset=\"https:\/\/solineu.com\/wp-content\/uploads\/BIG_523075010090909_00.jpg 700w, https:\/\/solineu.com\/wp-content\/uploads\/BIG_523075010090909_00-300x201.jpg 300w\" sizes=\"auto, (max-width: 700px) 100vw, 700px\" \/><\/div><\/div><\/figure><\/div><\/li><li class=\"kadence-blocks-gallery-item\" tabindex=\"0\"><div class=\"kadence-blocks-gallery-item-inner\"><figure class=\"kb-gallery-figure kadence-blocks-gallery-item-hide-caption\"><div class=\"kb-gal-image-radius\"><div class=\"kb-gallery-image-contain kadence-blocks-gallery-intrinsic kb-gallery-image-ratio-land32 kb-has-image-ratio-land32\" ><img loading=\"lazy\" decoding=\"async\" src=\"https:\/\/solineu.com\/wp-content\/uploads\/image_preview-8.jpg\" width=\"400\" height=\"300\" alt=\"\" data-full-image=\"https:\/\/solineu.com\/wp-content\/uploads\/image_preview-8.jpg\" data-light-image=\"https:\/\/solineu.com\/wp-content\/uploads\/image_preview-8.jpg\" data-id=\"160\" class=\"wp-image-160\" srcset=\"https:\/\/solineu.com\/wp-content\/uploads\/image_preview-8.jpg 400w, https:\/\/solineu.com\/wp-content\/uploads\/image_preview-8-300x225.jpg 300w\" sizes=\"auto, (max-width: 400px) 100vw, 400px\" \/><\/div><\/div><\/figure><\/div><\/li><li class=\"kadence-blocks-gallery-item\" tabindex=\"0\"><div class=\"kadence-blocks-gallery-item-inner\"><figure class=\"kb-gallery-figure kadence-blocks-gallery-item-hide-caption\"><div class=\"kb-gal-image-radius\"><div class=\"kb-gallery-image-contain kadence-blocks-gallery-intrinsic kb-gallery-image-ratio-land32 kb-has-image-ratio-land32\" ><img loading=\"lazy\" decoding=\"async\" src=\"https:\/\/solineu.com\/wp-content\/uploads\/flor-neu.jpg\" width=\"800\" height=\"559\" alt=\"\" data-full-image=\"https:\/\/solineu.com\/wp-content\/uploads\/flor-neu.jpg\" data-light-image=\"https:\/\/solineu.com\/wp-content\/uploads\/flor-neu.jpg\" data-id=\"133\" class=\"wp-image-133\" srcset=\"https:\/\/solineu.com\/wp-content\/uploads\/flor-neu.jpg 800w, https:\/\/solineu.com\/wp-content\/uploads\/flor-neu-300x210.jpg 300w, https:\/\/solineu.com\/wp-content\/uploads\/flor-neu-768x537.jpg 768w\" sizes=\"auto, (max-width: 800px) 100vw, 800px\" \/><\/div><\/div><\/figure><\/div><\/li><li class=\"kadence-blocks-gallery-item\" tabindex=\"0\"><div class=\"kadence-blocks-gallery-item-inner\"><figure class=\"kb-gallery-figure kadence-blocks-gallery-item-hide-caption\"><div class=\"kb-gal-image-radius\"><div class=\"kb-gallery-image-contain kadence-blocks-gallery-intrinsic kb-gallery-image-ratio-land32 kb-has-image-ratio-land32\" ><img loading=\"lazy\" decoding=\"async\" src=\"https:\/\/solineu.com\/wp-content\/uploads\/flor.jpg\" width=\"700\" height=\"701\" alt=\"\" data-full-image=\"https:\/\/solineu.com\/wp-content\/uploads\/flor.jpg\" data-light-image=\"https:\/\/solineu.com\/wp-content\/uploads\/flor.jpg\" data-id=\"132\" class=\"wp-image-132\" srcset=\"https:\/\/solineu.com\/wp-content\/uploads\/flor.jpg 700w, https:\/\/solineu.com\/wp-content\/uploads\/flor-300x300.jpg 300w, https:\/\/solineu.com\/wp-content\/uploads\/flor-150x150.jpg 150w\" sizes=\"auto, (max-width: 700px) 100vw, 700px\" \/><\/div><\/div><\/figure><\/div><\/li><li class=\"kadence-blocks-gallery-item\" tabindex=\"0\"><div class=\"kadence-blocks-gallery-item-inner\"><figure class=\"kb-gallery-figure kadence-blocks-gallery-item-hide-caption\"><div class=\"kb-gal-image-radius\"><div class=\"kb-gallery-image-contain kadence-blocks-gallery-intrinsic kb-gallery-image-ratio-land32 kb-has-image-ratio-land32\" ><img loading=\"lazy\" decoding=\"async\" src=\"https:\/\/solineu.com\/wp-content\/uploads\/Imagen-003.jpg\" width=\"800\" height=\"600\" alt=\"Vista llacs parc nacional Aig\u00fcestortes\" data-full-image=\"https:\/\/solineu.com\/wp-content\/uploads\/Imagen-003.jpg\" data-light-image=\"https:\/\/solineu.com\/wp-content\/uploads\/Imagen-003.jpg\" data-id=\"148\" class=\"wp-image-148\" srcset=\"https:\/\/solineu.com\/wp-content\/uploads\/Imagen-003.jpg 800w, https:\/\/solineu.com\/wp-content\/uploads\/Imagen-003-300x225.jpg 300w, https:\/\/solineu.com\/wp-content\/uploads\/Imagen-003-768x576.jpg 768w\" sizes=\"auto, (max-width: 800px) 100vw, 800px\" \/><\/div><\/div><\/figure><\/div><\/li><li class=\"kadence-blocks-gallery-item\" tabindex=\"0\"><div class=\"kadence-blocks-gallery-item-inner\"><figure class=\"kb-gallery-figure kadence-blocks-gallery-item-hide-caption\"><div class=\"kb-gal-image-radius\"><div class=\"kb-gallery-image-contain kadence-blocks-gallery-intrinsic kb-gallery-image-ratio-land32 kb-has-image-ratio-land32\" ><img loading=\"lazy\" decoding=\"async\" src=\"https:\/\/solineu.com\/wp-content\/uploads\/Imagen-102.jpg\" width=\"800\" height=\"600\" alt=\"\" data-full-image=\"https:\/\/solineu.com\/wp-content\/uploads\/Imagen-102.jpg\" data-light-image=\"https:\/\/solineu.com\/wp-content\/uploads\/Imagen-102.jpg\" data-id=\"149\" class=\"wp-image-149\" srcset=\"https:\/\/solineu.com\/wp-content\/uploads\/Imagen-102.jpg 800w, https:\/\/solineu.com\/wp-content\/uploads\/Imagen-102-300x225.jpg 300w, https:\/\/solineu.com\/wp-content\/uploads\/Imagen-102-768x576.jpg 768w\" sizes=\"auto, (max-width: 800px) 100vw, 800px\" \/><\/div><\/div><\/figure><\/div><\/li><li class=\"kadence-blocks-gallery-item\" tabindex=\"0\"><div class=\"kadence-blocks-gallery-item-inner\"><figure class=\"kb-gallery-figure kadence-blocks-gallery-item-hide-caption\"><div class=\"kb-gal-image-radius\"><div class=\"kb-gallery-image-contain kadence-blocks-gallery-intrinsic kb-gallery-image-ratio-land32 kb-has-image-ratio-land32\" ><img loading=\"lazy\" decoding=\"async\" src=\"https:\/\/solineu.com\/wp-content\/uploads\/Fotos-Camara-004.jpg\" width=\"800\" height=\"600\" alt=\"\" data-full-image=\"https:\/\/solineu.com\/wp-content\/uploads\/Fotos-Camara-004.jpg\" data-light-image=\"https:\/\/solineu.com\/wp-content\/uploads\/Fotos-Camara-004.jpg\" data-id=\"134\" class=\"wp-image-134\" srcset=\"https:\/\/solineu.com\/wp-content\/uploads\/Fotos-Camara-004.jpg 800w, https:\/\/solineu.com\/wp-content\/uploads\/Fotos-Camara-004-300x225.jpg 300w, https:\/\/solineu.com\/wp-content\/uploads\/Fotos-Camara-004-768x576.jpg 768w\" sizes=\"auto, (max-width: 800px) 100vw, 800px\" \/><\/div><\/div><\/figure><\/div><\/li><li class=\"kadence-blocks-gallery-item\" tabindex=\"0\"><div class=\"kadence-blocks-gallery-item-inner\"><figure class=\"kb-gallery-figure kadence-blocks-gallery-item-hide-caption\"><div class=\"kb-gal-image-radius\"><div class=\"kb-gallery-image-contain kadence-blocks-gallery-intrinsic kb-gallery-image-ratio-land32 kb-has-image-ratio-land32\" ><img loading=\"lazy\" decoding=\"async\" src=\"https:\/\/solineu.com\/wp-content\/uploads\/25-Parc-Nacionsl-1.jpg\" width=\"552\" height=\"414\" alt=\"\" data-full-image=\"https:\/\/solineu.com\/wp-content\/uploads\/25-Parc-Nacionsl-1.jpg\" data-light-image=\"https:\/\/solineu.com\/wp-content\/uploads\/25-Parc-Nacionsl-1.jpg\" data-id=\"87\" class=\"wp-image-87\" srcset=\"https:\/\/solineu.com\/wp-content\/uploads\/25-Parc-Nacionsl-1.jpg 552w, https:\/\/solineu.com\/wp-content\/uploads\/25-Parc-Nacionsl-1-300x225.jpg 300w\" sizes=\"auto, (max-width: 552px) 100vw, 552px\" \/><\/div><\/div><\/figure><\/div><\/li><li class=\"kadence-blocks-gallery-item\" tabindex=\"0\"><div class=\"kadence-blocks-gallery-item-inner\"><figure class=\"kb-gallery-figure kadence-blocks-gallery-item-hide-caption\"><div class=\"kb-gal-image-radius\"><div class=\"kb-gallery-image-contain kadence-blocks-gallery-intrinsic kb-gallery-image-ratio-land32 kb-has-image-ratio-land32\" ><img loading=\"lazy\" decoding=\"async\" src=\"https:\/\/solineu.com\/wp-content\/uploads\/26-Parc-Nacional-2.jpg\" width=\"552\" height=\"367\" alt=\"\" data-full-image=\"https:\/\/solineu.com\/wp-content\/uploads\/26-Parc-Nacional-2.jpg\" data-light-image=\"https:\/\/solineu.com\/wp-content\/uploads\/26-Parc-Nacional-2.jpg\" data-id=\"88\" class=\"wp-image-88\" srcset=\"https:\/\/solineu.com\/wp-content\/uploads\/26-Parc-Nacional-2.jpg 552w, https:\/\/solineu.com\/wp-content\/uploads\/26-Parc-Nacional-2-300x199.jpg 300w\" sizes=\"auto, (max-width: 552px) 100vw, 552px\" \/><\/div><\/div><\/figure><\/div><\/li><li class=\"kadence-blocks-gallery-item\" tabindex=\"0\"><div class=\"kadence-blocks-gallery-item-inner\"><figure class=\"kb-gallery-figure kadence-blocks-gallery-item-hide-caption\"><div class=\"kb-gal-image-radius\"><div class=\"kb-gallery-image-contain kadence-blocks-gallery-intrinsic kb-gallery-image-ratio-land32 kb-has-image-ratio-land32\" ><img loading=\"lazy\" decoding=\"async\" src=\"https:\/\/solineu.com\/wp-content\/uploads\/27-Parc-Nacional3.jpg\" width=\"720\" height=\"469\" alt=\"\" data-full-image=\"https:\/\/solineu.com\/wp-content\/uploads\/27-Parc-Nacional3.jpg\" data-light-image=\"https:\/\/solineu.com\/wp-content\/uploads\/27-Parc-Nacional3.jpg\" data-id=\"89\" class=\"wp-image-89\" srcset=\"https:\/\/solineu.com\/wp-content\/uploads\/27-Parc-Nacional3.jpg 720w, https:\/\/solineu.com\/wp-content\/uploads\/27-Parc-Nacional3-300x195.jpg 300w\" sizes=\"auto, (max-width: 720px) 100vw, 720px\" \/><\/div><\/div><\/figure><\/div><\/li><\/ul><\/div><\/div><\/div>\n\n<\/div><\/div>","protected":false},"excerpt":{"rendered":"<p>Parc Nacional Aig\u00fcestortes i llac de Sant Maurici El Parc Nacional Aig\u00fcestortes i el llac de Sant Maurici destaca per la gran diversitat de vegetaci\u00f3 i fauna salvatge que hi viu, i per sobre de tot l\u2019aigua dels seus rius i rierols i els m\u00e9s de 200 estanys. El&nbsp;Parc Nacional Aig\u00fcestortes&nbsp;i el&nbsp;llac de Sant Maurici&nbsp;representa&#8230;<\/p>\n","protected":false},"author":1,"featured_media":0,"parent":0,"menu_order":0,"comment_status":"closed","ping_status":"closed","template":"","meta":{"_kad_post_transparent":"","_kad_post_title":"","_kad_post_layout":"","_kad_post_sidebar_id":"","_kad_post_content_style":"","_kad_post_vertical_padding":"","_kad_post_feature":"","_kad_post_feature_position":"","_kad_post_header":false,"_kad_post_footer":false,"_kad_post_classname":"","footnotes":""},"class_list":["post-696","page","type-page","status-publish","hentry"],"_links":{"self":[{"href":"https:\/\/solineu.com\/fr\/wp-json\/wp\/v2\/pages\/696","targetHints":{"allow":["GET"]}}],"collection":[{"href":"https:\/\/solineu.com\/fr\/wp-json\/wp\/v2\/pages"}],"about":[{"href":"https:\/\/solineu.com\/fr\/wp-json\/wp\/v2\/types\/page"}],"author":[{"embeddable":true,"href":"https:\/\/solineu.com\/fr\/wp-json\/wp\/v2\/users\/1"}],"replies":[{"embeddable":true,"href":"https:\/\/solineu.com\/fr\/wp-json\/wp\/v2\/comments?post=696"}],"version-history":[{"count":1,"href":"https:\/\/solineu.com\/fr\/wp-json\/wp\/v2\/pages\/696\/revisions"}],"predecessor-version":[{"id":716,"href":"https:\/\/solineu.com\/fr\/wp-json\/wp\/v2\/pages\/696\/revisions\/716"}],"wp:attachment":[{"href":"https:\/\/solineu.com\/fr\/wp-json\/wp\/v2\/media?parent=696"}],"curies":[{"name":"wp","href":"https:\/\/api.w.org\/{rel}","templated":true}]}}