{"id":571,"date":"2026-02-03T15:13:33","date_gmt":"2026-02-03T14:13:33","guid":{"rendered":"https:\/\/solineu.com\/zona-esportiva\/"},"modified":"2026-02-13T16:32:41","modified_gmt":"2026-02-13T15:32:41","slug":"zona-esportiva","status":"publish","type":"page","link":"https:\/\/solineu.com\/fr\/serveis\/zona-esportiva\/","title":{"rendered":"Espace sportif"},"content":{"rendered":"<style>.kb-row-layout-id571_854865-f0 > .kt-row-column-wrap{align-content:start;}:where(.kb-row-layout-id571_854865-f0 > .kt-row-column-wrap) > .wp-block-kadence-column{justify-content:start;}.kb-row-layout-id571_854865-f0 > .kt-row-column-wrap{column-gap:var(--global-kb-gap-md, 2rem);row-gap:var(--global-kb-gap-md, 2rem);max-width:700px;margin-left:auto;margin-right:auto;padding-top:var(--global-kb-spacing-sm, 1.5rem);padding-bottom:var(--global-kb-spacing-sm, 1.5rem);grid-template-columns:minmax(0, 1fr);}.kb-row-layout-id571_854865-f0 > .kt-row-layout-overlay{opacity:0.30;}@media all and (max-width: 1024px){.kb-row-layout-id571_854865-f0 > .kt-row-column-wrap{grid-template-columns:minmax(0, 1fr);}}@media all and (max-width: 767px){.kb-row-layout-id571_854865-f0 > .kt-row-column-wrap{grid-template-columns:minmax(0, 1fr);}}<\/style><div class=\"kb-row-layout-wrap kb-row-layout-id571_854865-f0 alignfull wp-block-kadence-rowlayout\"><div class=\"kt-row-column-wrap kt-has-1-columns kt-row-layout-equal kt-tab-layout-inherit kt-mobile-layout-row kt-row-valign-top\">\n<style>.kadence-column571_3b1da2-d1 > .kt-inside-inner-col,.kadence-column571_3b1da2-d1 > .kt-inside-inner-col:before{border-top-left-radius:0px;border-top-right-radius:0px;border-bottom-right-radius:0px;border-bottom-left-radius:0px;}.kadence-column571_3b1da2-d1 > .kt-inside-inner-col{column-gap:var(--global-kb-gap-sm, 1rem);}.kadence-column571_3b1da2-d1 > .kt-inside-inner-col{flex-direction:column;}.kadence-column571_3b1da2-d1 > .kt-inside-inner-col > .aligncenter{width:100%;}.kadence-column571_3b1da2-d1 > .kt-inside-inner-col:before{opacity:0.3;}.kadence-column571_3b1da2-d1{position:relative;}@media all and (max-width: 1024px){.kadence-column571_3b1da2-d1 > .kt-inside-inner-col{flex-direction:column;justify-content:center;}}@media all and (max-width: 767px){.kadence-column571_3b1da2-d1 > .kt-inside-inner-col{flex-direction:column;justify-content:center;}}<\/style>\n<div class=\"wp-block-kadence-column kadence-column571_3b1da2-d1\"><div class=\"kt-inside-inner-col\"><style>.wp-block-kadence-advancedheading.kt-adv-heading571_f485f5-e0, .wp-block-kadence-advancedheading.kt-adv-heading571_f485f5-e0[data-kb-block=\"kb-adv-heading571_f485f5-e0\"]{font-style:normal;}.wp-block-kadence-advancedheading.kt-adv-heading571_f485f5-e0 mark.kt-highlight, .wp-block-kadence-advancedheading.kt-adv-heading571_f485f5-e0[data-kb-block=\"kb-adv-heading571_f485f5-e0\"] mark.kt-highlight{font-style:normal;color:#f76a0c;-webkit-box-decoration-break:clone;box-decoration-break:clone;padding-top:0px;padding-right:0px;padding-bottom:0px;padding-left:0px;}.wp-block-kadence-advancedheading.kt-adv-heading571_f485f5-e0 img.kb-inline-image, .wp-block-kadence-advancedheading.kt-adv-heading571_f485f5-e0[data-kb-block=\"kb-adv-heading571_f485f5-e0\"] img.kb-inline-image{width:150px;vertical-align:baseline;}<\/style>\n<p class=\"kt-adv-heading571_f485f5-e0 wp-block-kadence-advancedheading\" data-kb-block=\"kb-adv-heading571_f485f5-e0\">Au Camping Sol i Neu, vous trouverez calme, ambiance familiale et propret\u00e9 irr\u00e9prochable pour un s\u00e9jour des plus agr\u00e9ables.<\/p>\n\n\n\n<p>Les cascades des deux piscines, sp\u00e9cialement con\u00e7ues pour les enfants, l&rsquo;espace sportif avec son parcours VTT en pleine nature et les 66 emplacements r\u00e9partis sur les deux rives de la rivi\u00e8re conf\u00e8rent au Sol i Neu un charme unique.<\/p>\n<\/div><\/div>\n\n<\/div><\/div>\n\n<style>.kb-row-layout-id571_456b06-5b > .kt-row-column-wrap{align-content:start;}:where(.kb-row-layout-id571_456b06-5b > .kt-row-column-wrap) > .wp-block-kadence-column{justify-content:start;}.kb-row-layout-id571_456b06-5b > .kt-row-column-wrap{column-gap:var(--global-kb-gap-md, 2rem);row-gap:var(--global-kb-gap-md, 2rem);max-width:var( --global-content-width, 1290px );padding-left:var(--global-content-edge-padding);padding-right:var(--global-content-edge-padding);padding-top:var(--global-kb-spacing-sm, 1.5rem);padding-bottom:var(--global-kb-spacing-xxl, 5rem);grid-template-columns:minmax(0, 1fr);}.kb-row-layout-id571_456b06-5b > .kt-row-layout-overlay{opacity:0.30;}@media all and (max-width: 1024px){.kb-row-layout-id571_456b06-5b > .kt-row-column-wrap{grid-template-columns:minmax(0, 1fr);}}@media all and (max-width: 767px){.kb-row-layout-id571_456b06-5b > .kt-row-column-wrap{grid-template-columns:minmax(0, 1fr);}}<\/style><div class=\"kb-row-layout-wrap kb-row-layout-id571_456b06-5b alignfull wp-block-kadence-rowlayout\"><div class=\"kt-row-column-wrap kt-has-1-columns kt-row-layout-equal kt-tab-layout-inherit kt-mobile-layout-row kt-row-valign-top kb-theme-content-width\">\n<style>.kadence-column571_f3e7a0-91 > .kt-inside-inner-col,.kadence-column571_f3e7a0-91 > .kt-inside-inner-col:before{border-top-left-radius:0px;border-top-right-radius:0px;border-bottom-right-radius:0px;border-bottom-left-radius:0px;}.kadence-column571_f3e7a0-91 > .kt-inside-inner-col{column-gap:var(--global-kb-gap-sm, 1rem);}.kadence-column571_f3e7a0-91 > .kt-inside-inner-col{flex-direction:column;}.kadence-column571_f3e7a0-91 > .kt-inside-inner-col > .aligncenter{width:100%;}.kadence-column571_f3e7a0-91 > .kt-inside-inner-col:before{opacity:0.3;}.kadence-column571_f3e7a0-91{position:relative;}@media all and (max-width: 1024px){.kadence-column571_f3e7a0-91 > .kt-inside-inner-col{flex-direction:column;justify-content:center;}}@media all and (max-width: 767px){.kadence-column571_f3e7a0-91 > .kt-inside-inner-col{flex-direction:column;justify-content:center;}}<\/style>\n<div class=\"wp-block-kadence-column kadence-column571_f3e7a0-91\"><div class=\"kt-inside-inner-col\"><style>.wp-block-kadence-advancedgallery .kb-gallery-type-grid.kb-gallery-id-571_d63002-e5{margin:-5px;}.kb-gallery-type-grid.kb-gallery-id-571_d63002-e5 .kadence-blocks-gallery-item{padding:5px;}.kb-gallery-id-571_d63002-e5 .kadence-blocks-gallery-item .kb-gal-image-radius, .kb-gallery-id-571_d63002-e5 .kb-slide-item .kb-gal-image-radius img{border-radius:0px 0px 0px 0px;;}<\/style><div class=\"kb-gallery-wrap-id-571_d63002-e5 alignnone wp-block-kadence-advancedgallery\"><ul class=\"kb-gallery-ul kb-gallery-non-static kb-gallery-type-grid kb-gallery-id-571_d63002-e5 kb-gallery-caption-style-bottom-hover kb-gallery-filter-none\" data-image-filter=\"none\" data-item-selector=\".kadence-blocks-gallery-item\" data-lightbox-caption=\"true\" data-columns-xxl=\"4\" data-columns-xl=\"4\" data-columns-md=\"4\" data-columns-sm=\"3\" data-columns-xs=\"2\" data-columns-ss=\"2\"><li class=\"kadence-blocks-gallery-item\" tabindex=\"0\"><div class=\"kadence-blocks-gallery-item-inner\"><figure class=\"kb-gallery-figure kadence-blocks-gallery-item-hide-caption\"><div class=\"kb-gal-image-radius\"><div class=\"kb-gallery-image-contain kadence-blocks-gallery-intrinsic kb-gallery-image-ratio-land32 kb-has-image-ratio-land32\" ><img loading=\"lazy\" decoding=\"async\" src=\"https:\/\/solineu.com\/wp-content\/uploads\/PICT0155385.jpg\" width=\"800\" height=\"600\" alt=\"\" data-full-image=\"https:\/\/solineu.com\/wp-content\/uploads\/PICT0155385.jpg\" data-light-image=\"https:\/\/solineu.com\/wp-content\/uploads\/PICT0155385.jpg\" data-id=\"247\" class=\"wp-image-247\" srcset=\"https:\/\/solineu.com\/wp-content\/uploads\/PICT0155385.jpg 800w, https:\/\/solineu.com\/wp-content\/uploads\/PICT0155385-300x225.jpg 300w, https:\/\/solineu.com\/wp-content\/uploads\/PICT0155385-768x576.jpg 768w\" sizes=\"auto, (max-width: 800px) 100vw, 800px\" \/><\/div><\/div><\/figure><\/div><\/li><li class=\"kadence-blocks-gallery-item\" tabindex=\"0\"><div class=\"kadence-blocks-gallery-item-inner\"><figure class=\"kb-gallery-figure kadence-blocks-gallery-item-hide-caption\"><div class=\"kb-gal-image-radius\"><div class=\"kb-gallery-image-contain kadence-blocks-gallery-intrinsic kb-gallery-image-ratio-land32 kb-has-image-ratio-land32\" ><img loading=\"lazy\" decoding=\"async\" src=\"https:\/\/solineu.com\/wp-content\/uploads\/image_preview-32.jpg\" width=\"400\" height=\"267\" alt=\"\" data-full-image=\"https:\/\/solineu.com\/wp-content\/uploads\/image_preview-32.jpg\" data-light-image=\"https:\/\/solineu.com\/wp-content\/uploads\/image_preview-32.jpg\" data-id=\"184\" class=\"wp-image-184\" srcset=\"https:\/\/solineu.com\/wp-content\/uploads\/image_preview-32.jpg 400w, https:\/\/solineu.com\/wp-content\/uploads\/image_preview-32-300x200.jpg 300w\" sizes=\"auto, (max-width: 400px) 100vw, 400px\" \/><\/div><\/div><\/figure><\/div><\/li><li class=\"kadence-blocks-gallery-item\" tabindex=\"0\"><div class=\"kadence-blocks-gallery-item-inner\"><figure class=\"kb-gallery-figure kadence-blocks-gallery-item-hide-caption\"><div class=\"kb-gal-image-radius\"><div class=\"kb-gallery-image-contain kadence-blocks-gallery-intrinsic kb-gallery-image-ratio-land32 kb-has-image-ratio-land32\" ><img loading=\"lazy\" decoding=\"async\" src=\"https:\/\/solineu.com\/wp-content\/uploads\/image_preview-31.jpg\" width=\"400\" height=\"267\" alt=\"\" data-full-image=\"https:\/\/solineu.com\/wp-content\/uploads\/image_preview-31.jpg\" data-light-image=\"https:\/\/solineu.com\/wp-content\/uploads\/image_preview-31.jpg\" data-id=\"183\" class=\"wp-image-183\" srcset=\"https:\/\/solineu.com\/wp-content\/uploads\/image_preview-31.jpg 400w, https:\/\/solineu.com\/wp-content\/uploads\/image_preview-31-300x200.jpg 300w\" sizes=\"auto, (max-width: 400px) 100vw, 400px\" \/><\/div><\/div><\/figure><\/div><\/li><li class=\"kadence-blocks-gallery-item\" tabindex=\"0\"><div class=\"kadence-blocks-gallery-item-inner\"><figure class=\"kb-gallery-figure kadence-blocks-gallery-item-hide-caption\"><div class=\"kb-gal-image-radius\"><div class=\"kb-gallery-image-contain kadence-blocks-gallery-intrinsic kb-gallery-image-ratio-land32 kb-has-image-ratio-land32\" ><img loading=\"lazy\" decoding=\"async\" src=\"https:\/\/solineu.com\/wp-content\/uploads\/image_preview-30.jpg\" width=\"400\" height=\"267\" alt=\"\" data-full-image=\"https:\/\/solineu.com\/wp-content\/uploads\/image_preview-30.jpg\" data-light-image=\"https:\/\/solineu.com\/wp-content\/uploads\/image_preview-30.jpg\" data-id=\"182\" class=\"wp-image-182\" srcset=\"https:\/\/solineu.com\/wp-content\/uploads\/image_preview-30.jpg 400w, https:\/\/solineu.com\/wp-content\/uploads\/image_preview-30-300x200.jpg 300w\" sizes=\"auto, (max-width: 400px) 100vw, 400px\" \/><\/div><\/div><\/figure><\/div><\/li><li class=\"kadence-blocks-gallery-item\" tabindex=\"0\"><div class=\"kadence-blocks-gallery-item-inner\"><figure class=\"kb-gallery-figure kadence-blocks-gallery-item-hide-caption\"><div class=\"kb-gal-image-radius\"><div class=\"kb-gallery-image-contain kadence-blocks-gallery-intrinsic kb-gallery-image-ratio-land32 kb-has-image-ratio-land32\" ><img loading=\"lazy\" decoding=\"async\" src=\"https:\/\/solineu.com\/wp-content\/uploads\/image_preview-29.jpg\" width=\"400\" height=\"267\" alt=\"\" data-full-image=\"https:\/\/solineu.com\/wp-content\/uploads\/image_preview-29.jpg\" data-light-image=\"https:\/\/solineu.com\/wp-content\/uploads\/image_preview-29.jpg\" data-id=\"181\" class=\"wp-image-181\" srcset=\"https:\/\/solineu.com\/wp-content\/uploads\/image_preview-29.jpg 400w, https:\/\/solineu.com\/wp-content\/uploads\/image_preview-29-300x200.jpg 300w\" sizes=\"auto, (max-width: 400px) 100vw, 400px\" \/><\/div><\/div><\/figure><\/div><\/li><li class=\"kadence-blocks-gallery-item\" tabindex=\"0\"><div class=\"kadence-blocks-gallery-item-inner\"><figure class=\"kb-gallery-figure kadence-blocks-gallery-item-hide-caption\"><div class=\"kb-gal-image-radius\"><div class=\"kb-gallery-image-contain kadence-blocks-gallery-intrinsic kb-gallery-image-ratio-land32 kb-has-image-ratio-land32\" ><img loading=\"lazy\" decoding=\"async\" src=\"https:\/\/solineu.com\/wp-content\/uploads\/image_preview-27.jpg\" width=\"266\" height=\"400\" alt=\"\" data-full-image=\"https:\/\/solineu.com\/wp-content\/uploads\/image_preview-27.jpg\" data-light-image=\"https:\/\/solineu.com\/wp-content\/uploads\/image_preview-27.jpg\" data-id=\"179\" class=\"wp-image-179\" srcset=\"https:\/\/solineu.com\/wp-content\/uploads\/image_preview-27.jpg 266w, https:\/\/solineu.com\/wp-content\/uploads\/image_preview-27-200x300.jpg 200w\" sizes=\"auto, (max-width: 266px) 100vw, 266px\" \/><\/div><\/div><\/figure><\/div><\/li><li class=\"kadence-blocks-gallery-item\" tabindex=\"0\"><div class=\"kadence-blocks-gallery-item-inner\"><figure class=\"kb-gallery-figure kadence-blocks-gallery-item-hide-caption\"><div class=\"kb-gal-image-radius\"><div class=\"kb-gallery-image-contain kadence-blocks-gallery-intrinsic kb-gallery-image-ratio-land32 kb-has-image-ratio-land32\" ><img loading=\"lazy\" decoding=\"async\" src=\"https:\/\/solineu.com\/wp-content\/uploads\/100_2513.jpg\" width=\"800\" height=\"600\" alt=\"\" data-full-image=\"https:\/\/solineu.com\/wp-content\/uploads\/100_2513.jpg\" data-light-image=\"https:\/\/solineu.com\/wp-content\/uploads\/100_2513.jpg\" data-id=\"90\" class=\"wp-image-90\" srcset=\"https:\/\/solineu.com\/wp-content\/uploads\/100_2513.jpg 800w, https:\/\/solineu.com\/wp-content\/uploads\/100_2513-300x225.jpg 300w, https:\/\/solineu.com\/wp-content\/uploads\/100_2513-768x576.jpg 768w\" sizes=\"auto, (max-width: 800px) 100vw, 800px\" \/><\/div><\/div><\/figure><\/div><\/li><li class=\"kadence-blocks-gallery-item\" tabindex=\"0\"><div class=\"kadence-blocks-gallery-item-inner\"><figure class=\"kb-gallery-figure kadence-blocks-gallery-item-hide-caption\"><div class=\"kb-gal-image-radius\"><div class=\"kb-gallery-image-contain kadence-blocks-gallery-intrinsic kb-gallery-image-ratio-land32 kb-has-image-ratio-land32\" ><img loading=\"lazy\" decoding=\"async\" src=\"https:\/\/solineu.com\/wp-content\/uploads\/1292492228-cloned-pedals-de-foc-non-stop.jpg\" width=\"452\" height=\"319\" alt=\"\" data-full-image=\"https:\/\/solineu.com\/wp-content\/uploads\/1292492228-cloned-pedals-de-foc-non-stop.jpg\" data-light-image=\"https:\/\/solineu.com\/wp-content\/uploads\/1292492228-cloned-pedals-de-foc-non-stop.jpg\" data-id=\"96\" class=\"wp-image-96\" srcset=\"https:\/\/solineu.com\/wp-content\/uploads\/1292492228-cloned-pedals-de-foc-non-stop.jpg 452w, https:\/\/solineu.com\/wp-content\/uploads\/1292492228-cloned-pedals-de-foc-non-stop-300x212.jpg 300w\" sizes=\"auto, (max-width: 452px) 100vw, 452px\" \/><\/div><\/div><\/figure><\/div><\/li><\/ul><\/div><\/div><\/div>\n\n<\/div><\/div>","protected":false},"excerpt":{"rendered":"<p>Au Camping Sol i Neu, vous trouverez calme, ambiance familiale et propret\u00e9 irr\u00e9prochable pour un s\u00e9jour des plus agr\u00e9ables. Les cascades des deux piscines, sp\u00e9cialement con\u00e7ues pour les enfants, l&rsquo;espace sportif avec son parcours VTT en pleine nature et les 66 emplacements r\u00e9partis sur les deux rives de la rivi\u00e8re conf\u00e8rent au Sol i Neu&#8230;<\/p>\n","protected":false},"author":1,"featured_media":0,"parent":733,"menu_order":0,"comment_status":"closed","ping_status":"closed","template":"","meta":{"_kad_post_transparent":"","_kad_post_title":"","_kad_post_layout":"","_kad_post_sidebar_id":"","_kad_post_content_style":"","_kad_post_vertical_padding":"","_kad_post_feature":"","_kad_post_feature_position":"","_kad_post_header":false,"_kad_post_footer":false,"_kad_post_classname":"","footnotes":""},"class_list":["post-571","page","type-page","status-publish","hentry"],"_links":{"self":[{"href":"https:\/\/solineu.com\/fr\/wp-json\/wp\/v2\/pages\/571","targetHints":{"allow":["GET"]}}],"collection":[{"href":"https:\/\/solineu.com\/fr\/wp-json\/wp\/v2\/pages"}],"about":[{"href":"https:\/\/solineu.com\/fr\/wp-json\/wp\/v2\/types\/page"}],"author":[{"embeddable":true,"href":"https:\/\/solineu.com\/fr\/wp-json\/wp\/v2\/users\/1"}],"replies":[{"embeddable":true,"href":"https:\/\/solineu.com\/fr\/wp-json\/wp\/v2\/comments?post=571"}],"version-history":[{"count":2,"href":"https:\/\/solineu.com\/fr\/wp-json\/wp\/v2\/pages\/571\/revisions"}],"predecessor-version":[{"id":1643,"href":"https:\/\/solineu.com\/fr\/wp-json\/wp\/v2\/pages\/571\/revisions\/1643"}],"up":[{"embeddable":true,"href":"https:\/\/solineu.com\/fr\/wp-json\/wp\/v2\/pages\/733"}],"wp:attachment":[{"href":"https:\/\/solineu.com\/fr\/wp-json\/wp\/v2\/media?parent=571"}],"curies":[{"name":"wp","href":"https:\/\/api.w.org\/{rel}","templated":true}]}}