{"id":683,"date":"2026-02-02T16:50:53","date_gmt":"2026-02-02T15:50:53","guid":{"rendered":"https:\/\/solineu.com\/gastronomia\/"},"modified":"2026-02-16T11:22:09","modified_gmt":"2026-02-16T10:22:09","slug":"gastronomia","status":"publish","type":"page","link":"https:\/\/solineu.com\/es\/gastronomia\/","title":{"rendered":"Gastronom\u00eda"},"content":{"rendered":"<style>.kb-row-layout-id683_3d0f07-d0 > .kt-row-column-wrap{align-content:start;}:where(.kb-row-layout-id683_3d0f07-d0 > .kt-row-column-wrap) > .wp-block-kadence-column{justify-content:start;}.kb-row-layout-id683_3d0f07-d0 > .kt-row-column-wrap{column-gap:var(--global-kb-gap-md, 2rem);row-gap:var(--global-kb-gap-md, 2rem);max-width:700px;margin-left:auto;margin-right:auto;padding-top:var(--global-kb-spacing-sm, 1.5rem);padding-bottom:var(--global-kb-spacing-xl, 4rem);grid-template-columns:minmax(0, 1fr);}.kb-row-layout-id683_3d0f07-d0 > .kt-row-layout-overlay{opacity:0.30;}@media all and (max-width: 1024px){.kb-row-layout-id683_3d0f07-d0 > .kt-row-column-wrap{grid-template-columns:minmax(0, 1fr);}}@media all and (max-width: 767px){.kb-row-layout-id683_3d0f07-d0 > .kt-row-column-wrap{grid-template-columns:minmax(0, 1fr);}}<\/style><div class=\"kb-row-layout-wrap kb-row-layout-id683_3d0f07-d0 alignfull wp-block-kadence-rowlayout\"><div class=\"kt-row-column-wrap kt-has-1-columns kt-row-layout-equal kt-tab-layout-inherit kt-mobile-layout-row kt-row-valign-top\">\n<style>.kadence-column683_fccae7-88 > .kt-inside-inner-col,.kadence-column683_fccae7-88 > .kt-inside-inner-col:before{border-top-left-radius:0px;border-top-right-radius:0px;border-bottom-right-radius:0px;border-bottom-left-radius:0px;}.kadence-column683_fccae7-88 > .kt-inside-inner-col{column-gap:var(--global-kb-gap-sm, 1rem);}.kadence-column683_fccae7-88 > .kt-inside-inner-col{flex-direction:column;}.kadence-column683_fccae7-88 > .kt-inside-inner-col > .aligncenter{width:100%;}.kadence-column683_fccae7-88 > .kt-inside-inner-col:before{opacity:0.3;}.kadence-column683_fccae7-88{position:relative;}@media all and (max-width: 1024px){.kadence-column683_fccae7-88 > .kt-inside-inner-col{flex-direction:column;justify-content:center;}}@media all and (max-width: 767px){.kadence-column683_fccae7-88 > .kt-inside-inner-col{flex-direction:column;justify-content:center;}}<\/style>\n<div class=\"wp-block-kadence-column kadence-column683_fccae7-88\"><div class=\"kt-inside-inner-col\"><style>.wp-block-kadence-advancedheading.kt-adv-heading683_8b170d-12, .wp-block-kadence-advancedheading.kt-adv-heading683_8b170d-12[data-kb-block=\"kb-adv-heading683_8b170d-12\"]{font-style:normal;}.wp-block-kadence-advancedheading.kt-adv-heading683_8b170d-12 mark.kt-highlight, .wp-block-kadence-advancedheading.kt-adv-heading683_8b170d-12[data-kb-block=\"kb-adv-heading683_8b170d-12\"] mark.kt-highlight{font-style:normal;color:#f76a0c;-webkit-box-decoration-break:clone;box-decoration-break:clone;padding-top:0px;padding-right:0px;padding-bottom:0px;padding-left:0px;}.wp-block-kadence-advancedheading.kt-adv-heading683_8b170d-12 img.kb-inline-image, .wp-block-kadence-advancedheading.kt-adv-heading683_8b170d-12[data-kb-block=\"kb-adv-heading683_8b170d-12\"] img.kb-inline-image{width:150px;vertical-align:baseline;}<\/style>\n<p class=\"kt-adv-heading683_8b170d-12 wp-block-kadence-advancedheading\" data-kb-block=\"kb-adv-heading683_8b170d-12\"><strong>Disfruta de nuestra gastronom\u00eda, tanto por diversidad como por calidad.<\/strong><\/p>\n\n\n\n<p>En las Valls d\u2019Aneu encontrar\u00e1s cocina t\u00edpica de monta\u00f1a, con productos locales (setas), embutidos (xol\u00eds, secallona,\u2026), carnes (cordero, potros, vaca marr\u00f3n), caza, quesos de cabra,\u2026<\/p>\n<\/div><\/div>\n\n<\/div><\/div>\n\n<style>.kb-row-layout-id683_63f9a4-c2 > .kt-row-column-wrap{align-content:start;}:where(.kb-row-layout-id683_63f9a4-c2 > .kt-row-column-wrap) > .wp-block-kadence-column{justify-content:start;}.kb-row-layout-id683_63f9a4-c2 > .kt-row-column-wrap{column-gap:var(--global-kb-gap-md, 2rem);row-gap:var(--global-kb-gap-md, 2rem);max-width:var( --global-content-width, 1290px );padding-left:var(--global-content-edge-padding);padding-right:var(--global-content-edge-padding);padding-top:var(--global-kb-spacing-sm, 1.5rem);padding-bottom:var(--global-kb-spacing-xxl, 5rem);grid-template-columns:minmax(0, 1fr);}.kb-row-layout-id683_63f9a4-c2 > .kt-row-layout-overlay{opacity:0.30;}@media all and (max-width: 1024px){.kb-row-layout-id683_63f9a4-c2 > .kt-row-column-wrap{grid-template-columns:minmax(0, 1fr);}}@media all and (max-width: 767px){.kb-row-layout-id683_63f9a4-c2 > .kt-row-column-wrap{grid-template-columns:minmax(0, 1fr);}}<\/style><div class=\"kb-row-layout-wrap kb-row-layout-id683_63f9a4-c2 alignfull wp-block-kadence-rowlayout\"><div class=\"kt-row-column-wrap kt-has-1-columns kt-row-layout-equal kt-tab-layout-inherit kt-mobile-layout-row kt-row-valign-top kb-theme-content-width\">\n<style>.kadence-column683_046020-f8 > .kt-inside-inner-col,.kadence-column683_046020-f8 > .kt-inside-inner-col:before{border-top-left-radius:0px;border-top-right-radius:0px;border-bottom-right-radius:0px;border-bottom-left-radius:0px;}.kadence-column683_046020-f8 > .kt-inside-inner-col{column-gap:var(--global-kb-gap-sm, 1rem);}.kadence-column683_046020-f8 > .kt-inside-inner-col{flex-direction:column;}.kadence-column683_046020-f8 > .kt-inside-inner-col > .aligncenter{width:100%;}.kadence-column683_046020-f8 > .kt-inside-inner-col:before{opacity:0.3;}.kadence-column683_046020-f8{position:relative;}@media all and (max-width: 1024px){.kadence-column683_046020-f8 > .kt-inside-inner-col{flex-direction:column;justify-content:center;}}@media all and (max-width: 767px){.kadence-column683_046020-f8 > .kt-inside-inner-col{flex-direction:column;justify-content:center;}}<\/style>\n<div class=\"wp-block-kadence-column kadence-column683_046020-f8\"><div class=\"kt-inside-inner-col\"><style>.wp-block-kadence-advancedgallery .kb-gallery-type-grid.kb-gallery-id-683_d4918b-86{margin:-5px;}.kb-gallery-type-grid.kb-gallery-id-683_d4918b-86 .kadence-blocks-gallery-item{padding:5px;}.kb-gallery-id-683_d4918b-86 .kadence-blocks-gallery-item .kb-gal-image-radius, .kb-gallery-id-683_d4918b-86 .kb-slide-item .kb-gal-image-radius img{border-radius:0px 0px 0px 0px;;}<\/style><div class=\"kb-gallery-wrap-id-683_d4918b-86 alignnone wp-block-kadence-advancedgallery\"><ul class=\"kb-gallery-ul kb-gallery-non-static kb-gallery-type-grid kb-gallery-id-683_d4918b-86 kb-gallery-caption-style-bottom-hover kb-gallery-filter-none\" data-image-filter=\"none\" data-item-selector=\".kadence-blocks-gallery-item\" data-lightbox-caption=\"true\" data-columns-xxl=\"4\" data-columns-xl=\"4\" data-columns-md=\"4\" data-columns-sm=\"3\" data-columns-xs=\"2\" data-columns-ss=\"2\"><li class=\"kadence-blocks-gallery-item\" tabindex=\"0\"><div class=\"kadence-blocks-gallery-item-inner\"><figure class=\"kb-gallery-figure kadence-blocks-gallery-item-hide-caption\"><div class=\"kb-gal-image-radius\"><div class=\"kb-gallery-image-contain kadence-blocks-gallery-intrinsic kb-gallery-image-ratio-land32 kb-has-image-ratio-land32\" ><img loading=\"lazy\" decoding=\"async\" src=\"https:\/\/solineu.com\/wp-content\/uploads\/x_200_xolis-del-pallars.jpg\" width=\"267\" height=\"200\" alt=\"\" data-full-image=\"https:\/\/solineu.com\/wp-content\/uploads\/x_200_xolis-del-pallars.jpg\" data-light-image=\"https:\/\/solineu.com\/wp-content\/uploads\/x_200_xolis-del-pallars.jpg\" data-id=\"261\" class=\"wp-image-261\"\/><\/div><\/div><\/figure><\/div><\/li><li class=\"kadence-blocks-gallery-item\" tabindex=\"0\"><div class=\"kadence-blocks-gallery-item-inner\"><figure class=\"kb-gallery-figure kadence-blocks-gallery-item-hide-caption\"><div class=\"kb-gal-image-radius\"><div class=\"kb-gallery-image-contain kadence-blocks-gallery-intrinsic kb-gallery-image-ratio-land32 kb-has-image-ratio-land32\" ><img loading=\"lazy\" decoding=\"async\" src=\"https:\/\/solineu.com\/wp-content\/uploads\/PAELLA-MOLI-006.jpg\" width=\"512\" height=\"384\" alt=\"\" data-full-image=\"https:\/\/solineu.com\/wp-content\/uploads\/PAELLA-MOLI-006.jpg\" data-light-image=\"https:\/\/solineu.com\/wp-content\/uploads\/PAELLA-MOLI-006.jpg\" data-id=\"243\" class=\"wp-image-243\" srcset=\"https:\/\/solineu.com\/wp-content\/uploads\/PAELLA-MOLI-006.jpg 512w, https:\/\/solineu.com\/wp-content\/uploads\/PAELLA-MOLI-006-300x225.jpg 300w\" sizes=\"auto, (max-width: 512px) 100vw, 512px\" \/><\/div><\/div><\/figure><\/div><\/li><li class=\"kadence-blocks-gallery-item\" tabindex=\"0\"><div class=\"kadence-blocks-gallery-item-inner\"><figure class=\"kb-gallery-figure kadence-blocks-gallery-item-hide-caption\"><div class=\"kb-gal-image-radius\"><div class=\"kb-gallery-image-contain kadence-blocks-gallery-intrinsic kb-gallery-image-ratio-land32 kb-has-image-ratio-land32\" ><img loading=\"lazy\" decoding=\"async\" src=\"https:\/\/solineu.com\/wp-content\/uploads\/20070803-Espot-Dinar-Juquim-2.jpg\" width=\"400\" height=\"300\" alt=\"\" data-full-image=\"https:\/\/solineu.com\/wp-content\/uploads\/20070803-Espot-Dinar-Juquim-2.jpg\" data-light-image=\"https:\/\/solineu.com\/wp-content\/uploads\/20070803-Espot-Dinar-Juquim-2.jpg\" data-id=\"94\" class=\"wp-image-94\" srcset=\"https:\/\/solineu.com\/wp-content\/uploads\/20070803-Espot-Dinar-Juquim-2.jpg 400w, https:\/\/solineu.com\/wp-content\/uploads\/20070803-Espot-Dinar-Juquim-2-300x225.jpg 300w\" sizes=\"auto, (max-width: 400px) 100vw, 400px\" \/><\/div><\/div><\/figure><\/div><\/li><li class=\"kadence-blocks-gallery-item\" tabindex=\"0\"><div class=\"kadence-blocks-gallery-item-inner\"><figure class=\"kb-gallery-figure kadence-blocks-gallery-item-hide-caption\"><div class=\"kb-gal-image-radius\"><div class=\"kb-gallery-image-contain kadence-blocks-gallery-intrinsic kb-gallery-image-ratio-land32 kb-has-image-ratio-land32\" ><img loading=\"lazy\" decoding=\"async\" src=\"https:\/\/solineu.com\/wp-content\/uploads\/bolets.jpg\" width=\"500\" height=\"329\" alt=\"\" data-full-image=\"https:\/\/solineu.com\/wp-content\/uploads\/bolets.jpg\" data-light-image=\"https:\/\/solineu.com\/wp-content\/uploads\/bolets.jpg\" data-id=\"113\" class=\"wp-image-113\" srcset=\"https:\/\/solineu.com\/wp-content\/uploads\/bolets.jpg 500w, https:\/\/solineu.com\/wp-content\/uploads\/bolets-300x197.jpg 300w\" sizes=\"auto, (max-width: 500px) 100vw, 500px\" \/><\/div><\/div><\/figure><\/div><\/li><\/ul><\/div><\/div><\/div>\n\n<\/div><\/div>","protected":false},"excerpt":{"rendered":"<p>Disfruta de nuestra gastronom\u00eda, tanto por diversidad como por calidad. En las Valls d\u2019Aneu encontrar\u00e1s cocina t\u00edpica de monta\u00f1a, con productos locales (setas), embutidos (xol\u00eds, secallona,\u2026), carnes (cordero, potros, vaca marr\u00f3n), caza, quesos de cabra,\u2026<\/p>\n","protected":false},"author":1,"featured_media":0,"parent":0,"menu_order":0,"comment_status":"closed","ping_status":"closed","template":"","meta":{"_kad_post_transparent":"","_kad_post_title":"","_kad_post_layout":"","_kad_post_sidebar_id":"","_kad_post_content_style":"","_kad_post_vertical_padding":"","_kad_post_feature":"","_kad_post_feature_position":"","_kad_post_header":false,"_kad_post_footer":false,"_kad_post_classname":"","footnotes":""},"class_list":["post-683","page","type-page","status-publish","hentry"],"_links":{"self":[{"href":"https:\/\/solineu.com\/es\/wp-json\/wp\/v2\/pages\/683","targetHints":{"allow":["GET"]}}],"collection":[{"href":"https:\/\/solineu.com\/es\/wp-json\/wp\/v2\/pages"}],"about":[{"href":"https:\/\/solineu.com\/es\/wp-json\/wp\/v2\/types\/page"}],"author":[{"embeddable":true,"href":"https:\/\/solineu.com\/es\/wp-json\/wp\/v2\/users\/1"}],"replies":[{"embeddable":true,"href":"https:\/\/solineu.com\/es\/wp-json\/wp\/v2\/comments?post=683"}],"version-history":[{"count":4,"href":"https:\/\/solineu.com\/es\/wp-json\/wp\/v2\/pages\/683\/revisions"}],"predecessor-version":[{"id":1820,"href":"https:\/\/solineu.com\/es\/wp-json\/wp\/v2\/pages\/683\/revisions\/1820"}],"wp:attachment":[{"href":"https:\/\/solineu.com\/es\/wp-json\/wp\/v2\/media?parent=683"}],"curies":[{"name":"wp","href":"https:\/\/api.w.org\/{rel}","templated":true}]}}