{"id":623,"date":"2026-02-02T16:51:52","date_gmt":"2026-02-02T15:51:52","guid":{"rendered":"https:\/\/solineu.com\/esports-daventura\/"},"modified":"2026-02-12T16:09:54","modified_gmt":"2026-02-12T15:09:54","slug":"esports-daventura","status":"publish","type":"page","link":"https:\/\/solineu.com\/es\/esports-daventura\/","title":{"rendered":"Deportes de aventura"},"content":{"rendered":"<style>.kb-row-layout-id623_aa22e6-d6 > .kt-row-column-wrap{align-content:start;}:where(.kb-row-layout-id623_aa22e6-d6 > .kt-row-column-wrap) > .wp-block-kadence-column{justify-content:start;}.kb-row-layout-id623_aa22e6-d6 > .kt-row-column-wrap{column-gap:var(--global-kb-gap-md, 2rem);row-gap:var(--global-kb-gap-md, 2rem);max-width:700px;margin-left:auto;margin-right:auto;padding-top:var(--global-kb-spacing-sm, 1.5rem);padding-bottom:var(--global-kb-spacing-xl, 4rem);grid-template-columns:minmax(0, 1fr);}.kb-row-layout-id623_aa22e6-d6 > .kt-row-layout-overlay{opacity:0.30;}@media all and (max-width: 1024px){.kb-row-layout-id623_aa22e6-d6 > .kt-row-column-wrap{grid-template-columns:minmax(0, 1fr);}}@media all and (max-width: 767px){.kb-row-layout-id623_aa22e6-d6 > .kt-row-column-wrap{grid-template-columns:minmax(0, 1fr);}}<\/style><div class=\"kb-row-layout-wrap kb-row-layout-id623_aa22e6-d6 alignfull wp-block-kadence-rowlayout\"><div class=\"kt-row-column-wrap kt-has-1-columns kt-row-layout-equal kt-tab-layout-inherit kt-mobile-layout-row kt-row-valign-top\">\n<style>.kadence-column623_0a78f0-c1 > .kt-inside-inner-col,.kadence-column623_0a78f0-c1 > .kt-inside-inner-col:before{border-top-left-radius:0px;border-top-right-radius:0px;border-bottom-right-radius:0px;border-bottom-left-radius:0px;}.kadence-column623_0a78f0-c1 > .kt-inside-inner-col{column-gap:var(--global-kb-gap-sm, 1rem);}.kadence-column623_0a78f0-c1 > .kt-inside-inner-col{flex-direction:column;}.kadence-column623_0a78f0-c1 > .kt-inside-inner-col > .aligncenter{width:100%;}.kadence-column623_0a78f0-c1 > .kt-inside-inner-col:before{opacity:0.3;}.kadence-column623_0a78f0-c1{position:relative;}@media all and (max-width: 1024px){.kadence-column623_0a78f0-c1 > .kt-inside-inner-col{flex-direction:column;justify-content:center;}}@media all and (max-width: 767px){.kadence-column623_0a78f0-c1 > .kt-inside-inner-col{flex-direction:column;justify-content:center;}}<\/style>\n<div class=\"wp-block-kadence-column kadence-column623_0a78f0-c1\"><div class=\"kt-inside-inner-col\">\n<p>En la recepci\u00f3n del Camping Sol i Neu les informar\u00e1n para que puedan gozar de todo tipo de deportes de aventura.<\/p>\n\n\n\n<p>Tanto los ni\u00f1os como los adultos podr\u00e1n practicar rafting, hidrospeed, kayak, barrancos,\u2026 en las aguas bravas del&nbsp;<strong>Noguera Pallaresa,<\/strong>&nbsp;as\u00ed como canoas, patines,\u2026 en las aguas tranquilas de&nbsp;<strong>La Torrassa<\/strong>.<\/p>\n\n\n<style>.wp-block-kadence-advancedbtn.kb-btns623_622a05-0c{gap:var(--global-kb-gap-xs, 0.5rem );justify-content:flex-start;align-items:center;}.kt-btns623_622a05-0c .kt-button{font-weight:normal;font-style:normal;}.kt-btns623_622a05-0c .kt-btn-wrap-0{margin-right:5px;}.wp-block-kadence-advancedbtn.kt-btns623_622a05-0c .kt-btn-wrap-0 .kt-button{color:#555555;border-color:#555555;}.wp-block-kadence-advancedbtn.kt-btns623_622a05-0c .kt-btn-wrap-0 .kt-button:hover, .wp-block-kadence-advancedbtn.kt-btns623_622a05-0c .kt-btn-wrap-0 .kt-button:focus{color:#ffffff;border-color:#444444;}.wp-block-kadence-advancedbtn.kt-btns623_622a05-0c .kt-btn-wrap-0 .kt-button::before{display:none;}.wp-block-kadence-advancedbtn.kt-btns623_622a05-0c .kt-btn-wrap-0 .kt-button:hover, .wp-block-kadence-advancedbtn.kt-btns623_622a05-0c .kt-btn-wrap-0 .kt-button:focus{background:#444444;}<\/style>\n<div class=\"wp-block-kadence-advancedbtn kb-buttons-wrap kb-btns623_622a05-0c\"><style>ul.menu .wp-block-kadence-advancedbtn .kb-btn623_8eeb28-21.kb-button{width:initial;}<\/style><a class=\"kb-button kt-button button kb-btn623_8eeb28-21 kt-btn-size-small kt-btn-width-type-auto kb-btn-global-fill  kt-btn-has-text-true kt-btn-has-svg-true  wp-block-kadence-singlebtn\" href=\"https:\/\/altaruta.com\" target=\"_blank\" rel=\"noreferrer noopener\"><span class=\"kb-svg-icon-wrap kb-svg-icon-fe_externalLink kt-btn-icon-side-left\"><svg viewBox=\"0 0 24 24\"  fill=\"none\" stroke=\"currentColor\" stroke-width=\"2\" stroke-linecap=\"round\" stroke-linejoin=\"round\" xmlns=\"http:\/\/www.w3.org\/2000\/svg\"  aria-hidden=\"true\"><path d=\"M18 13v6a2 2 0 0 1-2 2H5a2 2 0 0 1-2-2V8a2 2 0 0 1 2-2h6\"\/><polyline points=\"15 3 21 3 21 9\"\/><line x1=\"10\" y1=\"14\" x2=\"21\" y2=\"3\"\/><\/svg><\/span><span class=\"kt-btn-inner-text\">Web Alta Ruta<\/span><\/a><\/div>\n<\/div><\/div>\n\n<\/div><\/div>\n\n<style>.kb-row-layout-id623_26a73c-c0 > .kt-row-column-wrap{align-content:start;}:where(.kb-row-layout-id623_26a73c-c0 > .kt-row-column-wrap) > .wp-block-kadence-column{justify-content:start;}.kb-row-layout-id623_26a73c-c0 > .kt-row-column-wrap{column-gap:var(--global-kb-gap-md, 2rem);row-gap:var(--global-kb-gap-md, 2rem);max-width:var( --global-content-width, 1290px );padding-left:var(--global-content-edge-padding);padding-right:var(--global-content-edge-padding);padding-top:var(--global-kb-spacing-sm, 1.5rem);padding-bottom:var(--global-kb-spacing-xxl, 5rem);grid-template-columns:minmax(0, 1fr);}.kb-row-layout-id623_26a73c-c0 > .kt-row-layout-overlay{opacity:0.30;}@media all and (max-width: 1024px){.kb-row-layout-id623_26a73c-c0 > .kt-row-column-wrap{grid-template-columns:minmax(0, 1fr);}}@media all and (max-width: 767px){.kb-row-layout-id623_26a73c-c0 > .kt-row-column-wrap{grid-template-columns:minmax(0, 1fr);}}<\/style><div class=\"kb-row-layout-wrap kb-row-layout-id623_26a73c-c0 alignfull wp-block-kadence-rowlayout\"><div class=\"kt-row-column-wrap kt-has-1-columns kt-row-layout-equal kt-tab-layout-inherit kt-mobile-layout-row kt-row-valign-top kb-theme-content-width\">\n<style>.kadence-column623_db4e04-56 > .kt-inside-inner-col,.kadence-column623_db4e04-56 > .kt-inside-inner-col:before{border-top-left-radius:0px;border-top-right-radius:0px;border-bottom-right-radius:0px;border-bottom-left-radius:0px;}.kadence-column623_db4e04-56 > .kt-inside-inner-col{column-gap:var(--global-kb-gap-sm, 1rem);}.kadence-column623_db4e04-56 > .kt-inside-inner-col{flex-direction:column;}.kadence-column623_db4e04-56 > .kt-inside-inner-col > .aligncenter{width:100%;}.kadence-column623_db4e04-56 > .kt-inside-inner-col:before{opacity:0.3;}.kadence-column623_db4e04-56{position:relative;}@media all and (max-width: 1024px){.kadence-column623_db4e04-56 > .kt-inside-inner-col{flex-direction:column;justify-content:center;}}@media all and (max-width: 767px){.kadence-column623_db4e04-56 > .kt-inside-inner-col{flex-direction:column;justify-content:center;}}<\/style>\n<div class=\"wp-block-kadence-column kadence-column623_db4e04-56\"><div class=\"kt-inside-inner-col\"><style>.wp-block-kadence-advancedgallery .kb-gallery-type-grid.kb-gallery-id-623_6d6806-36{margin:-5px;}.kb-gallery-type-grid.kb-gallery-id-623_6d6806-36 .kadence-blocks-gallery-item{padding:5px;}.kb-gallery-id-623_6d6806-36 .kadence-blocks-gallery-item .kb-gal-image-radius, .kb-gallery-id-623_6d6806-36 .kb-slide-item .kb-gal-image-radius img{border-radius:0px 0px 0px 0px;;}<\/style><div class=\"kb-gallery-wrap-id-623_6d6806-36 alignnone wp-block-kadence-advancedgallery\"><ul class=\"kb-gallery-ul kb-gallery-non-static kb-gallery-type-grid kb-gallery-id-623_6d6806-36 kb-gallery-caption-style-bottom-hover kb-gallery-filter-none\" data-image-filter=\"none\" data-item-selector=\".kadence-blocks-gallery-item\" data-lightbox-caption=\"true\" data-columns-xxl=\"4\" data-columns-xl=\"4\" data-columns-md=\"4\" data-columns-sm=\"3\" data-columns-xs=\"2\" data-columns-ss=\"2\"><li class=\"kadence-blocks-gallery-item\" tabindex=\"0\"><div class=\"kadence-blocks-gallery-item-inner\"><figure class=\"kb-gallery-figure kadence-blocks-gallery-item-hide-caption\"><div class=\"kb-gal-image-radius\"><div class=\"kb-gallery-image-contain kadence-blocks-gallery-intrinsic kb-gallery-image-ratio-land43 kb-has-image-ratio-land43\" ><img loading=\"lazy\" decoding=\"async\" src=\"https:\/\/solineu.com\/wp-content\/uploads\/63421930.jpg\" width=\"500\" height=\"335\" alt=\"\" data-full-image=\"https:\/\/solineu.com\/wp-content\/uploads\/63421930.jpg\" data-light-image=\"https:\/\/solineu.com\/wp-content\/uploads\/63421930.jpg\" data-id=\"95\" class=\"wp-image-95\" srcset=\"https:\/\/solineu.com\/wp-content\/uploads\/63421930.jpg 500w, https:\/\/solineu.com\/wp-content\/uploads\/63421930-300x201.jpg 300w\" sizes=\"auto, (max-width: 500px) 100vw, 500px\" \/><\/div><\/div><\/figure><\/div><\/li><li class=\"kadence-blocks-gallery-item\" tabindex=\"0\"><div class=\"kadence-blocks-gallery-item-inner\"><figure class=\"kb-gallery-figure kadence-blocks-gallery-item-hide-caption\"><div class=\"kb-gal-image-radius\"><div class=\"kb-gallery-image-contain kadence-blocks-gallery-intrinsic kb-gallery-image-ratio-land43 kb-has-image-ratio-land43\" ><img loading=\"lazy\" decoding=\"async\" src=\"https:\/\/solineu.com\/wp-content\/uploads\/cvqkgy.jpg\" width=\"515\" height=\"346\" alt=\"\" data-full-image=\"https:\/\/solineu.com\/wp-content\/uploads\/cvqkgy.jpg\" data-light-image=\"https:\/\/solineu.com\/wp-content\/uploads\/cvqkgy.jpg\" data-id=\"125\" class=\"wp-image-125\" srcset=\"https:\/\/solineu.com\/wp-content\/uploads\/cvqkgy.jpg 515w, https:\/\/solineu.com\/wp-content\/uploads\/cvqkgy-300x202.jpg 300w\" sizes=\"auto, (max-width: 515px) 100vw, 515px\" \/><\/div><\/div><\/figure><\/div><\/li><li class=\"kadence-blocks-gallery-item\" tabindex=\"0\"><div class=\"kadence-blocks-gallery-item-inner\"><figure class=\"kb-gallery-figure kadence-blocks-gallery-item-hide-caption\"><div class=\"kb-gal-image-radius\"><div class=\"kb-gallery-image-contain kadence-blocks-gallery-intrinsic kb-gallery-image-ratio-land43 kb-has-image-ratio-land43\" ><img loading=\"lazy\" decoding=\"async\" src=\"https:\/\/solineu.com\/wp-content\/uploads\/pl_084b45407607eb66024051aecf53252d.jpeg\" width=\"320\" height=\"240\" alt=\"\" data-full-image=\"https:\/\/solineu.com\/wp-content\/uploads\/pl_084b45407607eb66024051aecf53252d.jpeg\" data-light-image=\"https:\/\/solineu.com\/wp-content\/uploads\/pl_084b45407607eb66024051aecf53252d.jpeg\" data-id=\"248\" class=\"wp-image-248\" srcset=\"https:\/\/solineu.com\/wp-content\/uploads\/pl_084b45407607eb66024051aecf53252d.jpeg 320w, https:\/\/solineu.com\/wp-content\/uploads\/pl_084b45407607eb66024051aecf53252d-300x225.jpeg 300w\" sizes=\"auto, (max-width: 320px) 100vw, 320px\" \/><\/div><\/div><\/figure><\/div><\/li><li class=\"kadence-blocks-gallery-item\" tabindex=\"0\"><div class=\"kadence-blocks-gallery-item-inner\"><figure class=\"kb-gallery-figure kadence-blocks-gallery-item-hide-caption\"><div class=\"kb-gal-image-radius\"><div class=\"kb-gallery-image-contain kadence-blocks-gallery-intrinsic kb-gallery-image-ratio-land43 kb-has-image-ratio-land43\" ><img loading=\"lazy\" decoding=\"async\" src=\"https:\/\/solineu.com\/wp-content\/uploads\/barranc-berros.jpg\" width=\"512\" height=\"768\" alt=\"\" data-full-image=\"https:\/\/solineu.com\/wp-content\/uploads\/barranc-berros.jpg\" data-light-image=\"https:\/\/solineu.com\/wp-content\/uploads\/barranc-berros.jpg\" data-id=\"109\" class=\"wp-image-109\" srcset=\"https:\/\/solineu.com\/wp-content\/uploads\/barranc-berros.jpg 512w, https:\/\/solineu.com\/wp-content\/uploads\/barranc-berros-200x300.jpg 200w\" sizes=\"auto, (max-width: 512px) 100vw, 512px\" \/><\/div><\/div><\/figure><\/div><\/li><\/ul><\/div><\/div><\/div>\n\n<\/div><\/div>","protected":false},"excerpt":{"rendered":"<p>En la recepci\u00f3n del Camping Sol i Neu les informar\u00e1n para que puedan gozar de todo tipo de deportes de aventura. Tanto los ni\u00f1os como los adultos podr\u00e1n practicar rafting, hidrospeed, kayak, barrancos,\u2026 en las aguas bravas del&nbsp;Noguera Pallaresa,&nbsp;as\u00ed como canoas, patines,\u2026 en las aguas tranquilas de&nbsp;La Torrassa.<\/p>\n","protected":false},"author":1,"featured_media":0,"parent":0,"menu_order":0,"comment_status":"closed","ping_status":"closed","template":"","meta":{"_kad_post_transparent":"","_kad_post_title":"","_kad_post_layout":"","_kad_post_sidebar_id":"","_kad_post_content_style":"","_kad_post_vertical_padding":"","_kad_post_feature":"","_kad_post_feature_position":"","_kad_post_header":false,"_kad_post_footer":false,"_kad_post_classname":"","footnotes":""},"class_list":["post-623","page","type-page","status-publish","hentry"],"_links":{"self":[{"href":"https:\/\/solineu.com\/es\/wp-json\/wp\/v2\/pages\/623","targetHints":{"allow":["GET"]}}],"collection":[{"href":"https:\/\/solineu.com\/es\/wp-json\/wp\/v2\/pages"}],"about":[{"href":"https:\/\/solineu.com\/es\/wp-json\/wp\/v2\/types\/page"}],"author":[{"embeddable":true,"href":"https:\/\/solineu.com\/es\/wp-json\/wp\/v2\/users\/1"}],"replies":[{"embeddable":true,"href":"https:\/\/solineu.com\/es\/wp-json\/wp\/v2\/comments?post=623"}],"version-history":[{"count":3,"href":"https:\/\/solineu.com\/es\/wp-json\/wp\/v2\/pages\/623\/revisions"}],"predecessor-version":[{"id":1175,"href":"https:\/\/solineu.com\/es\/wp-json\/wp\/v2\/pages\/623\/revisions\/1175"}],"wp:attachment":[{"href":"https:\/\/solineu.com\/es\/wp-json\/wp\/v2\/media?parent=623"}],"curies":[{"name":"wp","href":"https:\/\/api.w.org\/{rel}","templated":true}]}}