{"id":687,"date":"2026-02-02T16:50:42","date_gmt":"2026-02-02T15:50:42","guid":{"rendered":"https:\/\/solineu.com\/patrimoni-cultural\/"},"modified":"2026-02-13T15:09:39","modified_gmt":"2026-02-13T14:09:39","slug":"patrimoni-cultural","status":"publish","type":"page","link":"https:\/\/solineu.com\/de\/patrimoni-cultural\/","title":{"rendered":"Kulturerbe"},"content":{"rendered":"<style>.kb-row-layout-id687_492ba9-88 > .kt-row-column-wrap{align-content:start;}:where(.kb-row-layout-id687_492ba9-88 > .kt-row-column-wrap) > .wp-block-kadence-column{justify-content:start;}.kb-row-layout-id687_492ba9-88 > .kt-row-column-wrap{column-gap:var(--global-kb-gap-md, 2rem);row-gap:var(--global-kb-gap-md, 2rem);max-width:700px;margin-left:auto;margin-right:auto;padding-top:var(--global-kb-spacing-sm, 1.5rem);padding-bottom:var(--global-kb-spacing-xl, 4rem);grid-template-columns:minmax(0, 1fr);}.kb-row-layout-id687_492ba9-88 > .kt-row-layout-overlay{opacity:0.30;}@media all and (max-width: 1024px){.kb-row-layout-id687_492ba9-88 > .kt-row-column-wrap{grid-template-columns:minmax(0, 1fr);}}@media all and (max-width: 767px){.kb-row-layout-id687_492ba9-88 > .kt-row-column-wrap{grid-template-columns:minmax(0, 1fr);}}<\/style><div class=\"kb-row-layout-wrap kb-row-layout-id687_492ba9-88 alignfull wp-block-kadence-rowlayout\"><div class=\"kt-row-column-wrap kt-has-1-columns kt-row-layout-equal kt-tab-layout-inherit kt-mobile-layout-row kt-row-valign-top\">\n<style>.kadence-column687_4773a3-48 > .kt-inside-inner-col,.kadence-column687_4773a3-48 > .kt-inside-inner-col:before{border-top-left-radius:0px;border-top-right-radius:0px;border-bottom-right-radius:0px;border-bottom-left-radius:0px;}.kadence-column687_4773a3-48 > .kt-inside-inner-col{column-gap:var(--global-kb-gap-sm, 1rem);}.kadence-column687_4773a3-48 > .kt-inside-inner-col{flex-direction:column;}.kadence-column687_4773a3-48 > .kt-inside-inner-col > .aligncenter{width:100%;}.kadence-column687_4773a3-48 > .kt-inside-inner-col:before{opacity:0.3;}.kadence-column687_4773a3-48{position:relative;}@media all and (max-width: 1024px){.kadence-column687_4773a3-48 > .kt-inside-inner-col{flex-direction:column;justify-content:center;}}@media all and (max-width: 767px){.kadence-column687_4773a3-48 > .kt-inside-inner-col{flex-direction:column;justify-content:center;}}<\/style>\n<div class=\"wp-block-kadence-column kadence-column687_4773a3-48\"><div class=\"kt-inside-inner-col\">\n<p>An der Rezeption des Camping Sol i Neu erhalten Sie Informationen \u00fcber die Geschichte und Kultur unserer T\u00e4ler.<\/p>\n\n\n\n<p>Besuchen Sie romanische Kirchen aus dem 11. Jahrhundert, mittelalterliche Br\u00fccken und Wacht\u00fcrme sowie charakteristische pyren\u00e4ische Bergd\u00f6rfer. Auch das&nbsp;<strong>\u201cEcomuseu de les Valls d\u2019 Aneu\u201d<\/strong>&nbsp;lohnt einen Besuch.<\/p>\n\n\n<style>.wp-block-kadence-advancedbtn.kb-btns687_5b31ea-ed{gap:var(--global-kb-gap-xs, 0.5rem );justify-content:flex-start;align-items:center;}.kt-btns687_5b31ea-ed .kt-button{font-weight:normal;font-style:normal;}.kt-btns687_5b31ea-ed .kt-btn-wrap-0{margin-right:5px;}.wp-block-kadence-advancedbtn.kt-btns687_5b31ea-ed .kt-btn-wrap-0 .kt-button{color:#555555;border-color:#555555;}.wp-block-kadence-advancedbtn.kt-btns687_5b31ea-ed .kt-btn-wrap-0 .kt-button:hover, .wp-block-kadence-advancedbtn.kt-btns687_5b31ea-ed .kt-btn-wrap-0 .kt-button:focus{color:#ffffff;border-color:#444444;}.wp-block-kadence-advancedbtn.kt-btns687_5b31ea-ed .kt-btn-wrap-0 .kt-button::before{display:none;}.wp-block-kadence-advancedbtn.kt-btns687_5b31ea-ed .kt-btn-wrap-0 .kt-button:hover, .wp-block-kadence-advancedbtn.kt-btns687_5b31ea-ed .kt-btn-wrap-0 .kt-button:focus{background:#444444;}<\/style>\n<div class=\"wp-block-kadence-advancedbtn kb-buttons-wrap kb-btns687_5b31ea-ed\"><style>ul.menu .wp-block-kadence-advancedbtn .kb-btn687_ce1ce9-f4.kb-button{width:initial;}<\/style><a class=\"kb-button kt-button button kb-btn687_ce1ce9-f4 kt-btn-size-small kt-btn-width-type-auto kb-btn-global-fill  kt-btn-has-text-true kt-btn-has-svg-true  wp-block-kadence-singlebtn\" href=\"https:\/\/www.ecomuseu.com\" target=\"_blank\" rel=\"noreferrer noopener\"><span class=\"kb-svg-icon-wrap kb-svg-icon-fe_externalLink kt-btn-icon-side-left\"><svg viewBox=\"0 0 24 24\"  fill=\"none\" stroke=\"currentColor\" stroke-width=\"2\" stroke-linecap=\"round\" stroke-linejoin=\"round\" xmlns=\"http:\/\/www.w3.org\/2000\/svg\"  aria-hidden=\"true\"><path d=\"M18 13v6a2 2 0 0 1-2 2H5a2 2 0 0 1-2-2V8a2 2 0 0 1 2-2h6\"\/><polyline points=\"15 3 21 3 21 9\"\/><line x1=\"10\" y1=\"14\" x2=\"21\" y2=\"3\"\/><\/svg><\/span><span class=\"kt-btn-inner-text\">Web Ecomuseu de les Valls d&#8217;\u00c0neu<\/span><\/a><\/div>\n<\/div><\/div>\n\n<\/div><\/div>\n\n<style>.kb-row-layout-id687_2479e2-7c > .kt-row-column-wrap{align-content:start;}:where(.kb-row-layout-id687_2479e2-7c > .kt-row-column-wrap) > .wp-block-kadence-column{justify-content:start;}.kb-row-layout-id687_2479e2-7c > .kt-row-column-wrap{column-gap:var(--global-kb-gap-md, 2rem);row-gap:var(--global-kb-gap-md, 2rem);max-width:var( --global-content-width, 1290px );padding-left:var(--global-content-edge-padding);padding-right:var(--global-content-edge-padding);padding-top:var(--global-kb-spacing-sm, 1.5rem);padding-bottom:var(--global-kb-spacing-xxl, 5rem);grid-template-columns:minmax(0, 1fr);}.kb-row-layout-id687_2479e2-7c > .kt-row-layout-overlay{opacity:0.30;}@media all and (max-width: 1024px){.kb-row-layout-id687_2479e2-7c > .kt-row-column-wrap{grid-template-columns:minmax(0, 1fr);}}@media all and (max-width: 767px){.kb-row-layout-id687_2479e2-7c > .kt-row-column-wrap{grid-template-columns:minmax(0, 1fr);}}<\/style><div class=\"kb-row-layout-wrap kb-row-layout-id687_2479e2-7c alignfull wp-block-kadence-rowlayout\"><div class=\"kt-row-column-wrap kt-has-1-columns kt-row-layout-equal kt-tab-layout-inherit kt-mobile-layout-row kt-row-valign-top kb-theme-content-width\">\n<style>.kadence-column687_f1fd5a-75 > .kt-inside-inner-col,.kadence-column687_f1fd5a-75 > .kt-inside-inner-col:before{border-top-left-radius:0px;border-top-right-radius:0px;border-bottom-right-radius:0px;border-bottom-left-radius:0px;}.kadence-column687_f1fd5a-75 > .kt-inside-inner-col{column-gap:var(--global-kb-gap-sm, 1rem);}.kadence-column687_f1fd5a-75 > .kt-inside-inner-col{flex-direction:column;}.kadence-column687_f1fd5a-75 > .kt-inside-inner-col > .aligncenter{width:100%;}.kadence-column687_f1fd5a-75 > .kt-inside-inner-col:before{opacity:0.3;}.kadence-column687_f1fd5a-75{position:relative;}@media all and (max-width: 1024px){.kadence-column687_f1fd5a-75 > .kt-inside-inner-col{flex-direction:column;justify-content:center;}}@media all and (max-width: 767px){.kadence-column687_f1fd5a-75 > .kt-inside-inner-col{flex-direction:column;justify-content:center;}}<\/style>\n<div class=\"wp-block-kadence-column kadence-column687_f1fd5a-75\"><div class=\"kt-inside-inner-col\"><style>.wp-block-kadence-advancedgallery .kb-gallery-type-grid.kb-gallery-id-687_89f4cd-d6{margin:-5px;}.kb-gallery-type-grid.kb-gallery-id-687_89f4cd-d6 .kadence-blocks-gallery-item{padding:5px;}.kb-gallery-id-687_89f4cd-d6 .kadence-blocks-gallery-item .kb-gal-image-radius, .kb-gallery-id-687_89f4cd-d6 .kb-slide-item .kb-gal-image-radius img{border-radius:0px 0px 0px 0px;;}<\/style><div class=\"kb-gallery-wrap-id-687_89f4cd-d6 alignnone wp-block-kadence-advancedgallery\"><ul class=\"kb-gallery-ul kb-gallery-non-static kb-gallery-type-grid kb-gallery-id-687_89f4cd-d6 kb-gallery-caption-style-bottom-hover kb-gallery-filter-none\" data-image-filter=\"none\" data-item-selector=\".kadence-blocks-gallery-item\" data-lightbox-caption=\"true\" data-columns-xxl=\"4\" data-columns-xl=\"4\" data-columns-md=\"4\" data-columns-sm=\"3\" data-columns-xs=\"2\" data-columns-ss=\"2\"><li class=\"kadence-blocks-gallery-item\" tabindex=\"0\"><div class=\"kadence-blocks-gallery-item-inner\"><figure class=\"kb-gallery-figure kadence-blocks-gallery-item-hide-caption\"><div class=\"kb-gal-image-radius\"><div class=\"kb-gallery-image-contain kadence-blocks-gallery-intrinsic kb-gallery-image-ratio-port34 kb-has-image-ratio-port34\" ><img loading=\"lazy\" decoding=\"async\" src=\"https:\/\/solineu.com\/wp-content\/uploads\/sonpoble.jpg\" width=\"527\" height=\"705\" alt=\"\" data-full-image=\"https:\/\/solineu.com\/wp-content\/uploads\/sonpoble.jpg\" data-light-image=\"https:\/\/solineu.com\/wp-content\/uploads\/sonpoble.jpg\" data-id=\"258\" class=\"wp-image-258\" srcset=\"https:\/\/solineu.com\/wp-content\/uploads\/sonpoble.jpg 527w, https:\/\/solineu.com\/wp-content\/uploads\/sonpoble-224x300.jpg 224w\" sizes=\"auto, (max-width: 527px) 100vw, 527px\" \/><\/div><\/div><\/figure><\/div><\/li><li class=\"kadence-blocks-gallery-item\" tabindex=\"0\"><div class=\"kadence-blocks-gallery-item-inner\"><figure class=\"kb-gallery-figure kadence-blocks-gallery-item-hide-caption\"><div class=\"kb-gal-image-radius\"><div class=\"kb-gallery-image-contain kadence-blocks-gallery-intrinsic kb-gallery-image-ratio-port34 kb-has-image-ratio-port34\" ><img loading=\"lazy\" decoding=\"async\" src=\"https:\/\/solineu.com\/wp-content\/uploads\/espot.jpg\" width=\"334\" height=\"500\" alt=\"\" data-full-image=\"https:\/\/solineu.com\/wp-content\/uploads\/espot.jpg\" data-light-image=\"https:\/\/solineu.com\/wp-content\/uploads\/espot.jpg\" data-id=\"128\" class=\"wp-image-128\" srcset=\"https:\/\/solineu.com\/wp-content\/uploads\/espot.jpg 334w, https:\/\/solineu.com\/wp-content\/uploads\/espot-200x300.jpg 200w\" sizes=\"auto, (max-width: 334px) 100vw, 334px\" \/><\/div><\/div><\/figure><\/div><\/li><li class=\"kadence-blocks-gallery-item\" tabindex=\"0\"><div class=\"kadence-blocks-gallery-item-inner\"><figure class=\"kb-gallery-figure kadence-blocks-gallery-item-hide-caption\"><div class=\"kb-gal-image-radius\"><div class=\"kb-gallery-image-contain kadence-blocks-gallery-intrinsic kb-gallery-image-ratio-port34 kb-has-image-ratio-port34\" ><img loading=\"lazy\" decoding=\"async\" src=\"https:\/\/solineu.com\/wp-content\/uploads\/monestir-santa-maria-gerri.jpg\" width=\"400\" height=\"409\" alt=\"\" data-full-image=\"https:\/\/solineu.com\/wp-content\/uploads\/monestir-santa-maria-gerri.jpg\" data-light-image=\"https:\/\/solineu.com\/wp-content\/uploads\/monestir-santa-maria-gerri.jpg\" data-id=\"239\" class=\"wp-image-239\" srcset=\"https:\/\/solineu.com\/wp-content\/uploads\/monestir-santa-maria-gerri.jpg 400w, https:\/\/solineu.com\/wp-content\/uploads\/monestir-santa-maria-gerri-293x300.jpg 293w\" sizes=\"auto, (max-width: 400px) 100vw, 400px\" \/><\/div><\/div><\/figure><\/div><\/li><li class=\"kadence-blocks-gallery-item\" tabindex=\"0\"><div class=\"kadence-blocks-gallery-item-inner\"><figure class=\"kb-gallery-figure kadence-blocks-gallery-item-hide-caption\"><div class=\"kb-gal-image-radius\"><div class=\"kb-gallery-image-contain kadence-blocks-gallery-intrinsic kb-gallery-image-ratio-port34 kb-has-image-ratio-port34\" ><img loading=\"lazy\" decoding=\"async\" src=\"https:\/\/solineu.com\/wp-content\/uploads\/sant-joan-isil.jpg\" width=\"800\" height=\"600\" alt=\"\" data-full-image=\"https:\/\/solineu.com\/wp-content\/uploads\/sant-joan-isil.jpg\" data-light-image=\"https:\/\/solineu.com\/wp-content\/uploads\/sant-joan-isil.jpg\" data-id=\"256\" class=\"wp-image-256\" srcset=\"https:\/\/solineu.com\/wp-content\/uploads\/sant-joan-isil.jpg 800w, https:\/\/solineu.com\/wp-content\/uploads\/sant-joan-isil-300x225.jpg 300w, https:\/\/solineu.com\/wp-content\/uploads\/sant-joan-isil-768x576.jpg 768w\" sizes=\"auto, (max-width: 800px) 100vw, 800px\" \/><\/div><\/div><\/figure><\/div><\/li><\/ul><\/div><\/div><\/div>\n\n<\/div><\/div>","protected":false},"excerpt":{"rendered":"<p>An der Rezeption des Camping Sol i Neu erhalten Sie Informationen \u00fcber die Geschichte und Kultur unserer T\u00e4ler. Besuchen Sie romanische Kirchen aus dem 11. Jahrhundert, mittelalterliche Br\u00fccken und Wacht\u00fcrme sowie charakteristische pyren\u00e4ische Bergd\u00f6rfer. Auch das&nbsp;\u201cEcomuseu de les Valls d\u2019 Aneu\u201d&nbsp;lohnt einen Besuch.<\/p>\n","protected":false},"author":1,"featured_media":0,"parent":0,"menu_order":0,"comment_status":"closed","ping_status":"closed","template":"","meta":{"_kad_post_transparent":"","_kad_post_title":"","_kad_post_layout":"","_kad_post_sidebar_id":"","_kad_post_content_style":"","_kad_post_vertical_padding":"","_kad_post_feature":"","_kad_post_feature_position":"","_kad_post_header":false,"_kad_post_footer":false,"_kad_post_classname":"","footnotes":""},"class_list":["post-687","page","type-page","status-publish","hentry"],"_links":{"self":[{"href":"https:\/\/solineu.com\/de\/wp-json\/wp\/v2\/pages\/687","targetHints":{"allow":["GET"]}}],"collection":[{"href":"https:\/\/solineu.com\/de\/wp-json\/wp\/v2\/pages"}],"about":[{"href":"https:\/\/solineu.com\/de\/wp-json\/wp\/v2\/types\/page"}],"author":[{"embeddable":true,"href":"https:\/\/solineu.com\/de\/wp-json\/wp\/v2\/users\/1"}],"replies":[{"embeddable":true,"href":"https:\/\/solineu.com\/de\/wp-json\/wp\/v2\/comments?post=687"}],"version-history":[{"count":4,"href":"https:\/\/solineu.com\/de\/wp-json\/wp\/v2\/pages\/687\/revisions"}],"predecessor-version":[{"id":1579,"href":"https:\/\/solineu.com\/de\/wp-json\/wp\/v2\/pages\/687\/revisions\/1579"}],"wp:attachment":[{"href":"https:\/\/solineu.com\/de\/wp-json\/wp\/v2\/media?parent=687"}],"curies":[{"name":"wp","href":"https:\/\/api.w.org\/{rel}","templated":true}]}}