{"id":657,"date":"2026-02-02T16:51:13","date_gmt":"2026-02-02T15:51:13","guid":{"rendered":"https:\/\/solineu.com\/excursions\/"},"modified":"2026-03-27T11:45:59","modified_gmt":"2026-03-27T10:45:59","slug":"excursions","status":"publish","type":"page","link":"https:\/\/solineu.com\/de\/excursions\/","title":{"rendered":"Excursions"},"content":{"rendered":"<style>.kb-row-layout-id657_06ace9-89 > .kt-row-column-wrap{align-content:start;}:where(.kb-row-layout-id657_06ace9-89 > .kt-row-column-wrap) > .wp-block-kadence-column{justify-content:start;}.kb-row-layout-id657_06ace9-89 > .kt-row-column-wrap{column-gap:var(--global-kb-gap-md, 2rem);row-gap:var(--global-kb-gap-md, 2rem);max-width:700px;margin-left:auto;margin-right:auto;padding-top:var(--global-kb-spacing-sm, 1.5rem);padding-bottom:var(--global-kb-spacing-xl, 4rem);grid-template-columns:minmax(0, 1fr);}.kb-row-layout-id657_06ace9-89 > .kt-row-layout-overlay{opacity:0.30;}@media all and (max-width: 1024px){.kb-row-layout-id657_06ace9-89 > .kt-row-column-wrap{grid-template-columns:minmax(0, 1fr);}}@media all and (max-width: 767px){.kb-row-layout-id657_06ace9-89 > .kt-row-column-wrap{grid-template-columns:minmax(0, 1fr);}}<\/style><div class=\"kb-row-layout-wrap kb-row-layout-id657_06ace9-89 alignfull wp-block-kadence-rowlayout\"><div class=\"kt-row-column-wrap kt-has-1-columns kt-row-layout-equal kt-tab-layout-inherit kt-mobile-layout-row kt-row-valign-top\">\n<style>.kadence-column657_3c14ab-15 > .kt-inside-inner-col,.kadence-column657_3c14ab-15 > .kt-inside-inner-col:before{border-top-left-radius:0px;border-top-right-radius:0px;border-bottom-right-radius:0px;border-bottom-left-radius:0px;}.kadence-column657_3c14ab-15 > .kt-inside-inner-col{column-gap:var(--global-kb-gap-sm, 1rem);}.kadence-column657_3c14ab-15 > .kt-inside-inner-col{flex-direction:column;}.kadence-column657_3c14ab-15 > .kt-inside-inner-col > .aligncenter{width:100%;}.kadence-column657_3c14ab-15 > .kt-inside-inner-col:before{opacity:0.3;}.kadence-column657_3c14ab-15{position:relative;}@media all and (max-width: 1024px){.kadence-column657_3c14ab-15 > .kt-inside-inner-col{flex-direction:column;justify-content:center;}}@media all and (max-width: 767px){.kadence-column657_3c14ab-15 > .kt-inside-inner-col{flex-direction:column;justify-content:center;}}<\/style>\n<div class=\"wp-block-kadence-column kadence-column657_3c14ab-15\"><div class=\"kt-inside-inner-col\"><style>.wp-block-kadence-advancedheading.kt-adv-heading657_21744a-d0, .wp-block-kadence-advancedheading.kt-adv-heading657_21744a-d0[data-kb-block=\"kb-adv-heading657_21744a-d0\"]{font-style:normal;}.wp-block-kadence-advancedheading.kt-adv-heading657_21744a-d0 mark.kt-highlight, .wp-block-kadence-advancedheading.kt-adv-heading657_21744a-d0[data-kb-block=\"kb-adv-heading657_21744a-d0\"] mark.kt-highlight{font-style:normal;color:#f76a0c;-webkit-box-decoration-break:clone;box-decoration-break:clone;padding-top:0px;padding-right:0px;padding-bottom:0px;padding-left:0px;}.wp-block-kadence-advancedheading.kt-adv-heading657_21744a-d0 img.kb-inline-image, .wp-block-kadence-advancedheading.kt-adv-heading657_21744a-d0[data-kb-block=\"kb-adv-heading657_21744a-d0\"] img.kb-inline-image{width:150px;vertical-align:baseline;}<\/style>\n<h2 class=\"kt-adv-heading657_21744a-d0 wp-block-kadence-advancedheading\" data-kb-block=\"kb-adv-heading657_21744a-d0\">Trekking Parc Nacional Aig\u00fcestortes i estany de Sant Maurici<\/h2>\n\n\n\n<p>An der Rezeption des Camping Sol i Neu werden Sie \u00fcber alle M\u00f6glichkeiten informiert, um in vollen Z\u00fcgen zu genie\u00dfen.<\/p>\n\n\n\n<p>Von der Sonne und Schnee k\u00f6nnen Sie endlose Ausfl\u00fcge zu Fu\u00df oder in 4\u00d74 im Aig\u00fcestortes Estany Sant Maurici Nationalpark machen.<\/p>\n\n\n<style>.wp-block-kadence-advancedbtn.kb-btns657_75fa52-02{gap:var(--global-kb-gap-xs, 0.5rem );justify-content:flex-start;align-items:center;}.kt-btns657_75fa52-02 .kt-button{font-weight:normal;font-style:normal;}.kt-btns657_75fa52-02 .kt-btn-wrap-0{margin-right:5px;}.wp-block-kadence-advancedbtn.kt-btns657_75fa52-02 .kt-btn-wrap-0 .kt-button{color:#555555;border-color:#555555;}.wp-block-kadence-advancedbtn.kt-btns657_75fa52-02 .kt-btn-wrap-0 .kt-button:hover, .wp-block-kadence-advancedbtn.kt-btns657_75fa52-02 .kt-btn-wrap-0 .kt-button:focus{color:#ffffff;border-color:#444444;}.wp-block-kadence-advancedbtn.kt-btns657_75fa52-02 .kt-btn-wrap-0 .kt-button::before{display:none;}.wp-block-kadence-advancedbtn.kt-btns657_75fa52-02 .kt-btn-wrap-0 .kt-button:hover, .wp-block-kadence-advancedbtn.kt-btns657_75fa52-02 .kt-btn-wrap-0 .kt-button:focus{background:#444444;}<\/style>\n<div class=\"wp-block-kadence-advancedbtn kb-buttons-wrap kb-btns657_75fa52-02\"><style>ul.menu .wp-block-kadence-advancedbtn .kb-btn657_6c3a09-05.kb-button{width:initial;}<\/style><a class=\"kb-button kt-button button kb-btn657_6c3a09-05 kt-btn-size-small kt-btn-width-type-auto kb-btn-global-fill  kt-btn-has-text-true kt-btn-has-svg-true  wp-block-kadence-singlebtn\" href=\"http:\/\/www.taxisespot.com\/\" target=\"_blank\" rel=\"noreferrer noopener\"><span class=\"kb-svg-icon-wrap kb-svg-icon-fe_externalLink kt-btn-icon-side-left\"><svg viewBox=\"0 0 24 24\"  fill=\"none\" stroke=\"currentColor\" stroke-width=\"2\" stroke-linecap=\"round\" stroke-linejoin=\"round\" xmlns=\"http:\/\/www.w3.org\/2000\/svg\"  aria-hidden=\"true\"><path d=\"M18 13v6a2 2 0 0 1-2 2H5a2 2 0 0 1-2-2V8a2 2 0 0 1 2-2h6\"\/><polyline points=\"15 3 21 3 21 9\"\/><line x1=\"10\" y1=\"14\" x2=\"21\" y2=\"3\"\/><\/svg><\/span><span class=\"kt-btn-inner-text\">Web Taxis Espot<\/span><\/a>\n\n<style>ul.menu .wp-block-kadence-advancedbtn .kb-btn657_103c05-64.kb-button{width:initial;}<\/style><a class=\"kb-button kt-button button kb-btn657_103c05-64 kt-btn-size-small kt-btn-width-type-auto kb-btn-global-fill  kt-btn-has-text-true kt-btn-has-svg-true  wp-block-kadence-singlebtn\" href=\"http:\/\/www.lacsdespyrenees.com\/vallee-Espot.html\" target=\"_blank\" rel=\"noreferrer noopener\"><span class=\"kb-svg-icon-wrap kb-svg-icon-fe_externalLink kt-btn-icon-side-left\"><svg viewBox=\"0 0 24 24\"  fill=\"none\" stroke=\"currentColor\" stroke-width=\"2\" stroke-linecap=\"round\" stroke-linejoin=\"round\" xmlns=\"http:\/\/www.w3.org\/2000\/svg\"  aria-hidden=\"true\"><path d=\"M18 13v6a2 2 0 0 1-2 2H5a2 2 0 0 1-2-2V8a2 2 0 0 1 2-2h6\"\/><polyline points=\"15 3 21 3 21 9\"\/><line x1=\"10\" y1=\"14\" x2=\"21\" y2=\"3\"\/><\/svg><\/span><span class=\"kt-btn-inner-text\">Vall d&#8217;Espot<\/span><\/a>\n\n<style>ul.menu .wp-block-kadence-advancedbtn .kb-btn657_b7b5a9-59.kb-button{width:initial;}<\/style><a class=\"kb-button kt-button button kb-btn657_b7b5a9-59 kt-btn-size-small kt-btn-width-type-auto kb-btn-global-fill  kt-btn-has-text-true kt-btn-has-svg-false  wp-block-kadence-singlebtn\" href=\"https:\/\/solineu.com\/wp-content\/uploads\/Rutes_compressed.pdf\" target=\"_blank\" rel=\"noreferrer noopener\"><span class=\"kt-btn-inner-text\">Routes<\/span><\/a><\/div>\n<\/div><\/div>\n\n<\/div><\/div>\n\n<style>.kb-row-layout-id657_58edf1-f7 > .kt-row-column-wrap{align-content:start;}:where(.kb-row-layout-id657_58edf1-f7 > .kt-row-column-wrap) > .wp-block-kadence-column{justify-content:start;}.kb-row-layout-id657_58edf1-f7 > .kt-row-column-wrap{column-gap:var(--global-kb-gap-md, 2rem);row-gap:var(--global-kb-gap-md, 2rem);max-width:var( --global-content-width, 1290px );padding-left:var(--global-content-edge-padding);padding-right:var(--global-content-edge-padding);padding-top:var(--global-kb-spacing-sm, 1.5rem);padding-bottom:var(--global-kb-spacing-xxl, 5rem);grid-template-columns:minmax(0, 1fr);}.kb-row-layout-id657_58edf1-f7 > .kt-row-layout-overlay{opacity:0.30;}@media all and (max-width: 1024px){.kb-row-layout-id657_58edf1-f7 > .kt-row-column-wrap{grid-template-columns:minmax(0, 1fr);}}@media all and (max-width: 767px){.kb-row-layout-id657_58edf1-f7 > .kt-row-column-wrap{grid-template-columns:minmax(0, 1fr);}}<\/style><div class=\"kb-row-layout-wrap kb-row-layout-id657_58edf1-f7 alignfull wp-block-kadence-rowlayout\"><div class=\"kt-row-column-wrap kt-has-1-columns kt-row-layout-equal kt-tab-layout-inherit kt-mobile-layout-row kt-row-valign-top kb-theme-content-width\">\n<style>.kadence-column657_8d04eb-95 > .kt-inside-inner-col,.kadence-column657_8d04eb-95 > .kt-inside-inner-col:before{border-top-left-radius:0px;border-top-right-radius:0px;border-bottom-right-radius:0px;border-bottom-left-radius:0px;}.kadence-column657_8d04eb-95 > .kt-inside-inner-col{column-gap:var(--global-kb-gap-sm, 1rem);}.kadence-column657_8d04eb-95 > .kt-inside-inner-col{flex-direction:column;}.kadence-column657_8d04eb-95 > .kt-inside-inner-col > .aligncenter{width:100%;}.kadence-column657_8d04eb-95 > .kt-inside-inner-col:before{opacity:0.3;}.kadence-column657_8d04eb-95{position:relative;}@media all and (max-width: 1024px){.kadence-column657_8d04eb-95 > .kt-inside-inner-col{flex-direction:column;justify-content:center;}}@media all and (max-width: 767px){.kadence-column657_8d04eb-95 > .kt-inside-inner-col{flex-direction:column;justify-content:center;}}<\/style>\n<div class=\"wp-block-kadence-column kadence-column657_8d04eb-95\"><div class=\"kt-inside-inner-col\"><style>.wp-block-kadence-advancedgallery .kb-gallery-type-grid.kb-gallery-id-657_14a0e6-17{margin:-5px;}.kb-gallery-type-grid.kb-gallery-id-657_14a0e6-17 .kadence-blocks-gallery-item{padding:5px;}.kb-gallery-id-657_14a0e6-17 .kadence-blocks-gallery-item .kb-gal-image-radius, .kb-gallery-id-657_14a0e6-17 .kb-slide-item .kb-gal-image-radius img{border-radius:0px 0px 0px 0px;;}<\/style><div class=\"kb-gallery-wrap-id-657_14a0e6-17 alignnone wp-block-kadence-advancedgallery\"><ul class=\"kb-gallery-ul kb-gallery-non-static kb-gallery-type-grid kb-gallery-id-657_14a0e6-17 kb-gallery-caption-style-bottom-hover kb-gallery-filter-none\" data-image-filter=\"none\" data-item-selector=\".kadence-blocks-gallery-item\" data-lightbox-caption=\"true\" data-columns-xxl=\"3\" data-columns-xl=\"3\" data-columns-md=\"3\" data-columns-sm=\"2\" data-columns-xs=\"1\" data-columns-ss=\"1\"><li class=\"kadence-blocks-gallery-item\" tabindex=\"0\"><div class=\"kadence-blocks-gallery-item-inner\"><figure class=\"kb-gallery-figure kadence-blocks-gallery-item-hide-caption\"><div class=\"kb-gal-image-radius\"><div class=\"kb-gallery-image-contain kadence-blocks-gallery-intrinsic kb-gallery-image-ratio-land32 kb-has-image-ratio-land32\" ><img loading=\"lazy\" decoding=\"async\" src=\"https:\/\/solineu.com\/wp-content\/uploads\/PICT0155385.jpg\" width=\"800\" height=\"600\" alt=\"\" data-full-image=\"https:\/\/solineu.com\/wp-content\/uploads\/PICT0155385.jpg\" data-light-image=\"https:\/\/solineu.com\/wp-content\/uploads\/PICT0155385.jpg\" data-id=\"247\" class=\"wp-image-247\" srcset=\"https:\/\/solineu.com\/wp-content\/uploads\/PICT0155385.jpg 800w, https:\/\/solineu.com\/wp-content\/uploads\/PICT0155385-300x225.jpg 300w, https:\/\/solineu.com\/wp-content\/uploads\/PICT0155385-768x576.jpg 768w\" sizes=\"auto, (max-width: 800px) 100vw, 800px\" \/><\/div><\/div><\/figure><\/div><\/li><li class=\"kadence-blocks-gallery-item\" tabindex=\"0\"><div class=\"kadence-blocks-gallery-item-inner\"><figure class=\"kb-gallery-figure kadence-blocks-gallery-item-hide-caption\"><div class=\"kb-gal-image-radius\"><div class=\"kb-gallery-image-contain kadence-blocks-gallery-intrinsic kb-gallery-image-ratio-land32 kb-has-image-ratio-land32\" ><img loading=\"lazy\" decoding=\"async\" src=\"https:\/\/solineu.com\/wp-content\/uploads\/refugi-j-m-blanc.jpg\" width=\"800\" height=\"532\" alt=\"\" data-full-image=\"https:\/\/solineu.com\/wp-content\/uploads\/refugi-j-m-blanc.jpg\" data-light-image=\"https:\/\/solineu.com\/wp-content\/uploads\/refugi-j-m-blanc.jpg\" data-id=\"251\" class=\"wp-image-251\" srcset=\"https:\/\/solineu.com\/wp-content\/uploads\/refugi-j-m-blanc.jpg 800w, https:\/\/solineu.com\/wp-content\/uploads\/refugi-j-m-blanc-300x200.jpg 300w, https:\/\/solineu.com\/wp-content\/uploads\/refugi-j-m-blanc-768x511.jpg 768w\" sizes=\"auto, (max-width: 800px) 100vw, 800px\" \/><\/div><\/div><\/figure><\/div><\/li><li class=\"kadence-blocks-gallery-item\" tabindex=\"0\"><div class=\"kadence-blocks-gallery-item-inner\"><figure class=\"kb-gallery-figure kadence-blocks-gallery-item-hide-caption\"><div class=\"kb-gal-image-radius\"><div class=\"kb-gallery-image-contain kadence-blocks-gallery-intrinsic kb-gallery-image-ratio-land32 kb-has-image-ratio-land32\" ><img loading=\"lazy\" decoding=\"async\" src=\"https:\/\/solineu.com\/wp-content\/uploads\/Refugi-amitges.jpg\" width=\"640\" height=\"480\" alt=\"\" data-full-image=\"https:\/\/solineu.com\/wp-content\/uploads\/Refugi-amitges.jpg\" data-light-image=\"https:\/\/solineu.com\/wp-content\/uploads\/Refugi-amitges.jpg\" data-id=\"250\" class=\"wp-image-250\" srcset=\"https:\/\/solineu.com\/wp-content\/uploads\/Refugi-amitges.jpg 640w, https:\/\/solineu.com\/wp-content\/uploads\/Refugi-amitges-300x225.jpg 300w\" sizes=\"auto, (max-width: 640px) 100vw, 640px\" \/><\/div><\/div><\/figure><\/div><\/li><li class=\"kadence-blocks-gallery-item\" tabindex=\"0\"><div class=\"kadence-blocks-gallery-item-inner\"><figure class=\"kb-gallery-figure kadence-blocks-gallery-item-hide-caption\"><div class=\"kb-gal-image-radius\"><div class=\"kb-gallery-image-contain kadence-blocks-gallery-intrinsic kb-gallery-image-ratio-land32 kb-has-image-ratio-land32\" ><img loading=\"lazy\" decoding=\"async\" src=\"https:\/\/solineu.com\/wp-content\/uploads\/sant-maurici-1024x640.jpg\" width=\"1024\" height=\"640\" alt=\"\" data-full-image=\"https:\/\/solineu.com\/wp-content\/uploads\/sant-maurici.jpg\" data-light-image=\"https:\/\/solineu.com\/wp-content\/uploads\/sant-maurici.jpg\" data-id=\"257\" class=\"wp-image-257\" srcset=\"https:\/\/solineu.com\/wp-content\/uploads\/sant-maurici-1024x640.jpg 1024w, https:\/\/solineu.com\/wp-content\/uploads\/sant-maurici-300x188.jpg 300w, https:\/\/solineu.com\/wp-content\/uploads\/sant-maurici-768x480.jpg 768w, https:\/\/solineu.com\/wp-content\/uploads\/sant-maurici-1536x960.jpg 1536w, https:\/\/solineu.com\/wp-content\/uploads\/sant-maurici.jpg 1920w\" sizes=\"auto, (max-width: 1024px) 100vw, 1024px\" \/><\/div><\/div><\/figure><\/div><\/li><li class=\"kadence-blocks-gallery-item\" tabindex=\"0\"><div class=\"kadence-blocks-gallery-item-inner\"><figure class=\"kb-gallery-figure kadence-blocks-gallery-item-hide-caption\"><div class=\"kb-gal-image-radius\"><div class=\"kb-gallery-image-contain kadence-blocks-gallery-intrinsic kb-gallery-image-ratio-land32 kb-has-image-ratio-land32\" ><img loading=\"lazy\" decoding=\"async\" src=\"https:\/\/solineu.com\/wp-content\/uploads\/100_2513.jpg\" width=\"800\" height=\"600\" alt=\"\" data-full-image=\"https:\/\/solineu.com\/wp-content\/uploads\/100_2513.jpg\" data-light-image=\"https:\/\/solineu.com\/wp-content\/uploads\/100_2513.jpg\" data-id=\"90\" class=\"wp-image-90\" srcset=\"https:\/\/solineu.com\/wp-content\/uploads\/100_2513.jpg 800w, https:\/\/solineu.com\/wp-content\/uploads\/100_2513-300x225.jpg 300w, https:\/\/solineu.com\/wp-content\/uploads\/100_2513-768x576.jpg 768w\" sizes=\"auto, (max-width: 800px) 100vw, 800px\" \/><\/div><\/div><\/figure><\/div><\/li><li class=\"kadence-blocks-gallery-item\" tabindex=\"0\"><div class=\"kadence-blocks-gallery-item-inner\"><figure class=\"kb-gallery-figure kadence-blocks-gallery-item-hide-caption\"><div class=\"kb-gal-image-radius\"><div class=\"kb-gallery-image-contain kadence-blocks-gallery-intrinsic kb-gallery-image-ratio-land32 kb-has-image-ratio-land32\" ><img loading=\"lazy\" decoding=\"async\" src=\"https:\/\/solineu.com\/wp-content\/uploads\/image_preview-17.jpg\" width=\"400\" height=\"300\" alt=\"\" data-full-image=\"https:\/\/solineu.com\/wp-content\/uploads\/image_preview-17.jpg\" data-light-image=\"https:\/\/solineu.com\/wp-content\/uploads\/image_preview-17.jpg\" data-id=\"169\" class=\"wp-image-169\" srcset=\"https:\/\/solineu.com\/wp-content\/uploads\/image_preview-17.jpg 400w, https:\/\/solineu.com\/wp-content\/uploads\/image_preview-17-300x225.jpg 300w\" sizes=\"auto, (max-width: 400px) 100vw, 400px\" \/><\/div><\/div><\/figure><\/div><\/li><li class=\"kadence-blocks-gallery-item\" tabindex=\"0\"><div class=\"kadence-blocks-gallery-item-inner\"><figure class=\"kb-gallery-figure kadence-blocks-gallery-item-hide-caption\"><div class=\"kb-gal-image-radius\"><div class=\"kb-gallery-image-contain kadence-blocks-gallery-intrinsic kb-gallery-image-ratio-land32 kb-has-image-ratio-land32\" ><img loading=\"lazy\" decoding=\"async\" src=\"https:\/\/solineu.com\/wp-content\/uploads\/image_preview-18.jpg\" width=\"400\" height=\"300\" alt=\"\" data-full-image=\"https:\/\/solineu.com\/wp-content\/uploads\/image_preview-18.jpg\" data-light-image=\"https:\/\/solineu.com\/wp-content\/uploads\/image_preview-18.jpg\" data-id=\"170\" class=\"wp-image-170\" srcset=\"https:\/\/solineu.com\/wp-content\/uploads\/image_preview-18.jpg 400w, https:\/\/solineu.com\/wp-content\/uploads\/image_preview-18-300x225.jpg 300w\" sizes=\"auto, (max-width: 400px) 100vw, 400px\" \/><\/div><\/div><\/figure><\/div><\/li><li class=\"kadence-blocks-gallery-item\" tabindex=\"0\"><div class=\"kadence-blocks-gallery-item-inner\"><figure class=\"kb-gallery-figure kadence-blocks-gallery-item-hide-caption\"><div class=\"kb-gal-image-radius\"><div class=\"kb-gallery-image-contain kadence-blocks-gallery-intrinsic kb-gallery-image-ratio-land32 kb-has-image-ratio-land32\" ><img loading=\"lazy\" decoding=\"async\" src=\"https:\/\/solineu.com\/wp-content\/uploads\/jeep-pujant.jpg\" width=\"400\" height=\"266\" alt=\"\" data-full-image=\"https:\/\/solineu.com\/wp-content\/uploads\/jeep-pujant.jpg\" data-light-image=\"https:\/\/solineu.com\/wp-content\/uploads\/jeep-pujant.jpg\" data-id=\"229\" class=\"wp-image-229\" srcset=\"https:\/\/solineu.com\/wp-content\/uploads\/jeep-pujant.jpg 400w, https:\/\/solineu.com\/wp-content\/uploads\/jeep-pujant-300x200.jpg 300w\" sizes=\"auto, (max-width: 400px) 100vw, 400px\" \/><\/div><\/div><\/figure><\/div><\/li><li class=\"kadence-blocks-gallery-item\" tabindex=\"0\"><div class=\"kadence-blocks-gallery-item-inner\"><figure class=\"kb-gallery-figure kadence-blocks-gallery-item-hide-caption\"><div class=\"kb-gal-image-radius\"><div class=\"kb-gallery-image-contain kadence-blocks-gallery-intrinsic kb-gallery-image-ratio-land32 kb-has-image-ratio-land32\" ><img loading=\"lazy\" decoding=\"async\" src=\"https:\/\/solineu.com\/wp-content\/uploads\/image_preview-24.jpg\" width=\"400\" height=\"267\" alt=\"\" data-full-image=\"https:\/\/solineu.com\/wp-content\/uploads\/image_preview-24.jpg\" data-light-image=\"https:\/\/solineu.com\/wp-content\/uploads\/image_preview-24.jpg\" data-id=\"176\" class=\"wp-image-176\" srcset=\"https:\/\/solineu.com\/wp-content\/uploads\/image_preview-24.jpg 400w, https:\/\/solineu.com\/wp-content\/uploads\/image_preview-24-300x200.jpg 300w\" sizes=\"auto, (max-width: 400px) 100vw, 400px\" \/><\/div><\/div><\/figure><\/div><\/li><\/ul><\/div><\/div><\/div>\n\n<\/div><\/div>","protected":false},"excerpt":{"rendered":"<p>Trekking Parc Nacional Aig\u00fcestortes i estany de Sant Maurici An der Rezeption des Camping Sol i Neu werden Sie \u00fcber alle M\u00f6glichkeiten informiert, um in vollen Z\u00fcgen zu genie\u00dfen. Von der Sonne und Schnee k\u00f6nnen Sie endlose Ausfl\u00fcge zu Fu\u00df oder in 4\u00d74 im Aig\u00fcestortes Estany Sant Maurici Nationalpark machen.<\/p>\n","protected":false},"author":1,"featured_media":0,"parent":0,"menu_order":0,"comment_status":"closed","ping_status":"closed","template":"","meta":{"_kad_post_transparent":"","_kad_post_title":"","_kad_post_layout":"","_kad_post_sidebar_id":"","_kad_post_content_style":"","_kad_post_vertical_padding":"","_kad_post_feature":"","_kad_post_feature_position":"","_kad_post_header":false,"_kad_post_footer":false,"_kad_post_classname":"","footnotes":""},"class_list":["post-657","page","type-page","status-publish","hentry"],"_links":{"self":[{"href":"https:\/\/solineu.com\/de\/wp-json\/wp\/v2\/pages\/657","targetHints":{"allow":["GET"]}}],"collection":[{"href":"https:\/\/solineu.com\/de\/wp-json\/wp\/v2\/pages"}],"about":[{"href":"https:\/\/solineu.com\/de\/wp-json\/wp\/v2\/types\/page"}],"author":[{"embeddable":true,"href":"https:\/\/solineu.com\/de\/wp-json\/wp\/v2\/users\/1"}],"replies":[{"embeddable":true,"href":"https:\/\/solineu.com\/de\/wp-json\/wp\/v2\/comments?post=657"}],"version-history":[{"count":6,"href":"https:\/\/solineu.com\/de\/wp-json\/wp\/v2\/pages\/657\/revisions"}],"predecessor-version":[{"id":2051,"href":"https:\/\/solineu.com\/de\/wp-json\/wp\/v2\/pages\/657\/revisions\/2051"}],"wp:attachment":[{"href":"https:\/\/solineu.com\/de\/wp-json\/wp\/v2\/media?parent=657"}],"curies":[{"name":"wp","href":"https:\/\/api.w.org\/{rel}","templated":true}]}}