{"id":647,"date":"2026-02-02T16:51:35","date_gmt":"2026-02-02T15:51:35","guid":{"rendered":"https:\/\/solineu.com\/refugis\/"},"modified":"2026-02-13T15:14:18","modified_gmt":"2026-02-13T14:14:18","slug":"refugis","status":"publish","type":"page","link":"https:\/\/solineu.com\/de\/refugis\/","title":{"rendered":"Bergh\u00fctten"},"content":{"rendered":"<style>.kb-row-layout-id647_6b68d4-53 > .kt-row-column-wrap{align-content:start;}:where(.kb-row-layout-id647_6b68d4-53 > .kt-row-column-wrap) > .wp-block-kadence-column{justify-content:start;}.kb-row-layout-id647_6b68d4-53 > .kt-row-column-wrap{column-gap:var(--global-kb-gap-md, 2rem);row-gap:var(--global-kb-gap-md, 2rem);max-width:700px;margin-left:auto;margin-right:auto;padding-top:var(--global-kb-spacing-sm, 1.5rem);padding-bottom:var(--global-kb-spacing-xl, 4rem);grid-template-columns:minmax(0, 1fr);}.kb-row-layout-id647_6b68d4-53 > .kt-row-layout-overlay{opacity:0.30;}@media all and (max-width: 1024px){.kb-row-layout-id647_6b68d4-53 > .kt-row-column-wrap{grid-template-columns:minmax(0, 1fr);}}@media all and (max-width: 767px){.kb-row-layout-id647_6b68d4-53 > .kt-row-column-wrap{grid-template-columns:minmax(0, 1fr);}}<\/style><div class=\"kb-row-layout-wrap kb-row-layout-id647_6b68d4-53 alignfull wp-block-kadence-rowlayout\"><div class=\"kt-row-column-wrap kt-has-1-columns kt-row-layout-equal kt-tab-layout-inherit kt-mobile-layout-row kt-row-valign-top\">\n<style>.kadence-column647_433ac4-aa > .kt-inside-inner-col,.kadence-column647_433ac4-aa > .kt-inside-inner-col:before{border-top-left-radius:0px;border-top-right-radius:0px;border-bottom-right-radius:0px;border-bottom-left-radius:0px;}.kadence-column647_433ac4-aa > .kt-inside-inner-col{column-gap:var(--global-kb-gap-sm, 1rem);}.kadence-column647_433ac4-aa > .kt-inside-inner-col{flex-direction:column;}.kadence-column647_433ac4-aa > .kt-inside-inner-col > .aligncenter{width:100%;}.kadence-column647_433ac4-aa > .kt-inside-inner-col:before{opacity:0.3;}.kadence-column647_433ac4-aa{position:relative;}@media all and (max-width: 1024px){.kadence-column647_433ac4-aa > .kt-inside-inner-col{flex-direction:column;justify-content:center;}}@media all and (max-width: 767px){.kadence-column647_433ac4-aa > .kt-inside-inner-col{flex-direction:column;justify-content:center;}}<\/style>\n<div class=\"wp-block-kadence-column kadence-column647_433ac4-aa\"><div class=\"kt-inside-inner-col\">\n<p>Von Sol i Neu aus, als Ausgangspunkt, bieten sich unz\u00e4hlige M\u00f6glichkeiten f\u00fcr Wanderungen im Nationalpark Aig\u00fcestortes Estany de Sant Maurici.<\/p>\n\n\n\n<p>Sie k\u00f6nnen eine oder mehrere N\u00e4chte in den verschiedenen Schutzh\u00fctten verbringen oder sogar den \u201eCarros de foc\u201c (die Route zwischen allen Schutzh\u00fctten im Park) nutzen.<\/p>\n\n\n<style>.wp-block-kadence-advancedbtn.kb-btns647_633fb7-cc{gap:var(--global-kb-gap-xs, 0.5rem );justify-content:flex-start;align-items:center;}.kt-btns647_633fb7-cc .kt-button{font-weight:normal;font-style:normal;}.kt-btns647_633fb7-cc .kt-btn-wrap-0{margin-right:5px;}.wp-block-kadence-advancedbtn.kt-btns647_633fb7-cc .kt-btn-wrap-0 .kt-button{color:#555555;border-color:#555555;}.wp-block-kadence-advancedbtn.kt-btns647_633fb7-cc .kt-btn-wrap-0 .kt-button:hover, .wp-block-kadence-advancedbtn.kt-btns647_633fb7-cc .kt-btn-wrap-0 .kt-button:focus{color:#ffffff;border-color:#444444;}.wp-block-kadence-advancedbtn.kt-btns647_633fb7-cc .kt-btn-wrap-0 .kt-button::before{display:none;}.wp-block-kadence-advancedbtn.kt-btns647_633fb7-cc .kt-btn-wrap-0 .kt-button:hover, .wp-block-kadence-advancedbtn.kt-btns647_633fb7-cc .kt-btn-wrap-0 .kt-button:focus{background:#444444;}<\/style>\n<div class=\"wp-block-kadence-advancedbtn kb-buttons-wrap kb-btns647_633fb7-cc\"><style>ul.menu .wp-block-kadence-advancedbtn .kb-btn647_6acde3-a9.kb-button{width:initial;}<\/style><a class=\"kb-button kt-button button kb-btn647_6acde3-a9 kt-btn-size-small kt-btn-width-type-auto kb-btn-global-fill  kt-btn-has-text-true kt-btn-has-svg-true  wp-block-kadence-singlebtn\" href=\"https:\/\/refusonline.com\" target=\"_blank\" rel=\"noreferrer noopener\"><span class=\"kb-svg-icon-wrap kb-svg-icon-fe_externalLink kt-btn-icon-side-left\"><svg viewBox=\"0 0 24 24\"  fill=\"none\" stroke=\"currentColor\" stroke-width=\"2\" stroke-linecap=\"round\" stroke-linejoin=\"round\" xmlns=\"http:\/\/www.w3.org\/2000\/svg\"  aria-hidden=\"true\"><path d=\"M18 13v6a2 2 0 0 1-2 2H5a2 2 0 0 1-2-2V8a2 2 0 0 1 2-2h6\"\/><polyline points=\"15 3 21 3 21 9\"\/><line x1=\"10\" y1=\"14\" x2=\"21\" y2=\"3\"\/><\/svg><\/span><span class=\"kt-btn-inner-text\">Web Refusonline<\/span><\/a><\/div>\n<\/div><\/div>\n\n<\/div><\/div>\n\n<style>.kb-row-layout-id647_c6ac6a-76 > .kt-row-column-wrap{align-content:start;}:where(.kb-row-layout-id647_c6ac6a-76 > .kt-row-column-wrap) > .wp-block-kadence-column{justify-content:start;}.kb-row-layout-id647_c6ac6a-76 > .kt-row-column-wrap{column-gap:var(--global-kb-gap-md, 2rem);row-gap:var(--global-kb-gap-md, 2rem);max-width:var( --global-content-width, 1290px );padding-left:var(--global-content-edge-padding);padding-right:var(--global-content-edge-padding);padding-top:var(--global-kb-spacing-sm, 1.5rem);padding-bottom:var(--global-kb-spacing-xxl, 5rem);grid-template-columns:minmax(0, 1fr);}.kb-row-layout-id647_c6ac6a-76 > .kt-row-layout-overlay{opacity:0.30;}@media all and (max-width: 1024px){.kb-row-layout-id647_c6ac6a-76 > .kt-row-column-wrap{grid-template-columns:minmax(0, 1fr);}}@media all and (max-width: 767px){.kb-row-layout-id647_c6ac6a-76 > .kt-row-column-wrap{grid-template-columns:minmax(0, 1fr);}}<\/style><div class=\"kb-row-layout-wrap kb-row-layout-id647_c6ac6a-76 alignfull wp-block-kadence-rowlayout\"><div class=\"kt-row-column-wrap kt-has-1-columns kt-row-layout-equal kt-tab-layout-inherit kt-mobile-layout-row kt-row-valign-top kb-theme-content-width\">\n<style>.kadence-column647_61fef7-1f > .kt-inside-inner-col,.kadence-column647_61fef7-1f > .kt-inside-inner-col:before{border-top-left-radius:0px;border-top-right-radius:0px;border-bottom-right-radius:0px;border-bottom-left-radius:0px;}.kadence-column647_61fef7-1f > .kt-inside-inner-col{column-gap:var(--global-kb-gap-sm, 1rem);}.kadence-column647_61fef7-1f > .kt-inside-inner-col{flex-direction:column;}.kadence-column647_61fef7-1f > .kt-inside-inner-col > .aligncenter{width:100%;}.kadence-column647_61fef7-1f > .kt-inside-inner-col:before{opacity:0.3;}.kadence-column647_61fef7-1f{position:relative;}@media all and (max-width: 1024px){.kadence-column647_61fef7-1f > .kt-inside-inner-col{flex-direction:column;justify-content:center;}}@media all and (max-width: 767px){.kadence-column647_61fef7-1f > .kt-inside-inner-col{flex-direction:column;justify-content:center;}}<\/style>\n<div class=\"wp-block-kadence-column kadence-column647_61fef7-1f\"><div class=\"kt-inside-inner-col\"><style>.wp-block-kadence-advancedgallery .kb-gallery-type-grid.kb-gallery-id-647_56836e-6f{margin:-5px;}.kb-gallery-type-grid.kb-gallery-id-647_56836e-6f .kadence-blocks-gallery-item{padding:5px;}.kb-gallery-id-647_56836e-6f .kadence-blocks-gallery-item .kb-gal-image-radius, .kb-gallery-id-647_56836e-6f .kb-slide-item .kb-gal-image-radius img{border-radius:0px 0px 0px 0px;;}<\/style><div class=\"kb-gallery-wrap-id-647_56836e-6f alignnone wp-block-kadence-advancedgallery\"><ul class=\"kb-gallery-ul kb-gallery-non-static kb-gallery-type-grid kb-gallery-id-647_56836e-6f kb-gallery-caption-style-bottom-hover kb-gallery-filter-none\" data-image-filter=\"none\" data-item-selector=\".kadence-blocks-gallery-item\" data-lightbox-caption=\"true\" data-columns-xxl=\"4\" data-columns-xl=\"4\" data-columns-md=\"4\" data-columns-sm=\"3\" data-columns-xs=\"2\" data-columns-ss=\"2\"><li class=\"kadence-blocks-gallery-item\" tabindex=\"0\"><div class=\"kadence-blocks-gallery-item-inner\"><figure class=\"kb-gallery-figure kadence-blocks-gallery-item-hide-caption\"><div class=\"kb-gal-image-radius\"><div class=\"kb-gallery-image-contain kadence-blocks-gallery-intrinsic kb-gallery-image-ratio-port34 kb-has-image-ratio-port34\" ><img loading=\"lazy\" decoding=\"async\" src=\"https:\/\/solineu.com\/wp-content\/uploads\/Refugi-amitges.jpg\" width=\"640\" height=\"480\" alt=\"\" data-full-image=\"https:\/\/solineu.com\/wp-content\/uploads\/Refugi-amitges.jpg\" data-light-image=\"https:\/\/solineu.com\/wp-content\/uploads\/Refugi-amitges.jpg\" data-id=\"250\" class=\"wp-image-250\" srcset=\"https:\/\/solineu.com\/wp-content\/uploads\/Refugi-amitges.jpg 640w, https:\/\/solineu.com\/wp-content\/uploads\/Refugi-amitges-300x225.jpg 300w\" sizes=\"auto, (max-width: 640px) 100vw, 640px\" \/><\/div><\/div><\/figure><\/div><\/li><li class=\"kadence-blocks-gallery-item\" tabindex=\"0\"><div class=\"kadence-blocks-gallery-item-inner\"><figure class=\"kb-gallery-figure kadence-blocks-gallery-item-hide-caption\"><div class=\"kb-gal-image-radius\"><div class=\"kb-gallery-image-contain kadence-blocks-gallery-intrinsic kb-gallery-image-ratio-port34 kb-has-image-ratio-port34\" ><img loading=\"lazy\" decoding=\"async\" src=\"https:\/\/solineu.com\/wp-content\/uploads\/refugi-j-m-blanc.jpg\" width=\"800\" height=\"532\" alt=\"\" data-full-image=\"https:\/\/solineu.com\/wp-content\/uploads\/refugi-j-m-blanc.jpg\" data-light-image=\"https:\/\/solineu.com\/wp-content\/uploads\/refugi-j-m-blanc.jpg\" data-id=\"251\" class=\"wp-image-251\" srcset=\"https:\/\/solineu.com\/wp-content\/uploads\/refugi-j-m-blanc.jpg 800w, https:\/\/solineu.com\/wp-content\/uploads\/refugi-j-m-blanc-300x200.jpg 300w, https:\/\/solineu.com\/wp-content\/uploads\/refugi-j-m-blanc-768x511.jpg 768w\" sizes=\"auto, (max-width: 800px) 100vw, 800px\" \/><\/div><\/div><\/figure><\/div><\/li><li class=\"kadence-blocks-gallery-item\" tabindex=\"0\"><div class=\"kadence-blocks-gallery-item-inner\"><figure class=\"kb-gallery-figure kadence-blocks-gallery-item-hide-caption\"><div class=\"kb-gal-image-radius\"><div class=\"kb-gallery-image-contain kadence-blocks-gallery-intrinsic kb-gallery-image-ratio-port34 kb-has-image-ratio-port34\" ><img loading=\"lazy\" decoding=\"async\" src=\"https:\/\/solineu.com\/wp-content\/uploads\/estany-tort-i-refugi-jm-blanc.jpg\" width=\"700\" height=\"525\" alt=\"\" data-full-image=\"https:\/\/solineu.com\/wp-content\/uploads\/estany-tort-i-refugi-jm-blanc.jpg\" data-light-image=\"https:\/\/solineu.com\/wp-content\/uploads\/estany-tort-i-refugi-jm-blanc.jpg\" data-id=\"130\" class=\"wp-image-130\" srcset=\"https:\/\/solineu.com\/wp-content\/uploads\/estany-tort-i-refugi-jm-blanc.jpg 700w, https:\/\/solineu.com\/wp-content\/uploads\/estany-tort-i-refugi-jm-blanc-300x225.jpg 300w\" sizes=\"auto, (max-width: 700px) 100vw, 700px\" \/><\/div><\/div><\/figure><\/div><\/li><li class=\"kadence-blocks-gallery-item\" tabindex=\"0\"><div class=\"kadence-blocks-gallery-item-inner\"><figure class=\"kb-gallery-figure kadence-blocks-gallery-item-hide-caption\"><div class=\"kb-gal-image-radius\"><div class=\"kb-gallery-image-contain kadence-blocks-gallery-intrinsic kb-gallery-image-ratio-port34 kb-has-image-ratio-port34\" ><img loading=\"lazy\" decoding=\"async\" src=\"https:\/\/solineu.com\/wp-content\/uploads\/image_preview-17.jpg\" width=\"400\" height=\"300\" alt=\"\" data-full-image=\"https:\/\/solineu.com\/wp-content\/uploads\/image_preview-17.jpg\" data-light-image=\"https:\/\/solineu.com\/wp-content\/uploads\/image_preview-17.jpg\" data-id=\"169\" class=\"wp-image-169\" srcset=\"https:\/\/solineu.com\/wp-content\/uploads\/image_preview-17.jpg 400w, https:\/\/solineu.com\/wp-content\/uploads\/image_preview-17-300x225.jpg 300w\" sizes=\"auto, (max-width: 400px) 100vw, 400px\" \/><\/div><\/div><\/figure><\/div><\/li><\/ul><\/div><\/div><\/div>\n\n<\/div><\/div>","protected":false},"excerpt":{"rendered":"<p>Von Sol i Neu aus, als Ausgangspunkt, bieten sich unz\u00e4hlige M\u00f6glichkeiten f\u00fcr Wanderungen im Nationalpark Aig\u00fcestortes Estany de Sant Maurici. Sie k\u00f6nnen eine oder mehrere N\u00e4chte in den verschiedenen Schutzh\u00fctten verbringen oder sogar den \u201eCarros de foc\u201c (die Route zwischen allen Schutzh\u00fctten im Park) nutzen.<\/p>\n","protected":false},"author":1,"featured_media":0,"parent":0,"menu_order":0,"comment_status":"closed","ping_status":"closed","template":"","meta":{"_kad_post_transparent":"","_kad_post_title":"","_kad_post_layout":"","_kad_post_sidebar_id":"","_kad_post_content_style":"","_kad_post_vertical_padding":"","_kad_post_feature":"","_kad_post_feature_position":"","_kad_post_header":false,"_kad_post_footer":false,"_kad_post_classname":"","footnotes":""},"class_list":["post-647","page","type-page","status-publish","hentry"],"_links":{"self":[{"href":"https:\/\/solineu.com\/de\/wp-json\/wp\/v2\/pages\/647","targetHints":{"allow":["GET"]}}],"collection":[{"href":"https:\/\/solineu.com\/de\/wp-json\/wp\/v2\/pages"}],"about":[{"href":"https:\/\/solineu.com\/de\/wp-json\/wp\/v2\/types\/page"}],"author":[{"embeddable":true,"href":"https:\/\/solineu.com\/de\/wp-json\/wp\/v2\/users\/1"}],"replies":[{"embeddable":true,"href":"https:\/\/solineu.com\/de\/wp-json\/wp\/v2\/comments?post=647"}],"version-history":[{"count":6,"href":"https:\/\/solineu.com\/de\/wp-json\/wp\/v2\/pages\/647\/revisions"}],"predecessor-version":[{"id":1597,"href":"https:\/\/solineu.com\/de\/wp-json\/wp\/v2\/pages\/647\/revisions\/1597"}],"wp:attachment":[{"href":"https:\/\/solineu.com\/de\/wp-json\/wp\/v2\/media?parent=647"}],"curies":[{"name":"wp","href":"https:\/\/api.w.org\/{rel}","templated":true}]}}